{"id":485,"date":"2025-02-21T21:49:05","date_gmt":"2025-02-21T18:49:05","guid":{"rendered":"https:\/\/brandgame.eu\/acerca-de\/"},"modified":"2025-07-07T14:06:12","modified_gmt":"2025-07-07T11:06:12","slug":"acerca-de","status":"publish","type":"page","link":"https:\/\/brandgame.eu\/es\/acerca-de\/","title":{"rendered":"Acerca de"},"content":{"rendered":"\t\t<div data-elementor-type=\"wp-page\" data-elementor-id=\"485\" class=\"elementor elementor-485 elementor-38\" data-elementor-post-type=\"page\">\n\t\t\t\t<div class=\"elementor-element elementor-element-5bdea24e e-flex e-con-boxed e-con e-parent\" data-id=\"5bdea24e\" data-element_type=\"container\">\n\t\t\t\t\t<div class=\"e-con-inner\">\n\t\t\t\t<div class=\"elementor-element elementor-element-52e291d7 elementor-widget elementor-widget-image\" data-id=\"52e291d7\" data-element_type=\"widget\" data-settings=\"{&quot;motion_fx_motion_fx_scrolling&quot;:&quot;yes&quot;,&quot;motion_fx_scale_effect&quot;:&quot;yes&quot;,&quot;motion_fx_scale_speed&quot;:{&quot;unit&quot;:&quot;px&quot;,&quot;size&quot;:2,&quot;sizes&quot;:[]},&quot;motion_fx_scale_range&quot;:{&quot;unit&quot;:&quot;%&quot;,&quot;size&quot;:&quot;&quot;,&quot;sizes&quot;:{&quot;start&quot;:50,&quot;end&quot;:100}},&quot;motion_fx_scale_direction&quot;:&quot;out-in&quot;,&quot;motion_fx_devices&quot;:[&quot;desktop&quot;,&quot;tablet&quot;,&quot;mobile&quot;]}\" data-widget_type=\"image.default\">\n\t\t\t\t<div class=\"elementor-widget-container\">\n\t\t\t\t\t\t\t\t\t\t\t\t\t\t\t<img fetchpriority=\"high\" decoding=\"async\" width=\"1728\" height=\"972\" src=\"https:\/\/brandgame.eu\/wp-content\/uploads\/2025\/02\/1.png\" class=\"attachment-full size-full wp-image-409\" alt=\"\" srcset=\"https:\/\/brandgame.eu\/wp-content\/uploads\/2025\/02\/1.png 1728w, https:\/\/brandgame.eu\/wp-content\/uploads\/2025\/02\/1-300x169.png 300w, https:\/\/brandgame.eu\/wp-content\/uploads\/2025\/02\/1-1024x576.png 1024w, https:\/\/brandgame.eu\/wp-content\/uploads\/2025\/02\/1-768x432.png 768w, https:\/\/brandgame.eu\/wp-content\/uploads\/2025\/02\/1-1536x864.png 1536w\" sizes=\"(max-width: 1728px) 100vw, 1728px\" \/>\t\t\t\t\t\t\t\t\t\t\t\t\t\t\t<\/div>\n\t\t\t\t<\/div>\n\t\t\t\t\t<\/div>\n\t\t\t\t<\/div>\n\t\t<div class=\"elementor-element elementor-element-1ca4fe5a e-flex e-con-boxed e-con e-parent\" data-id=\"1ca4fe5a\" data-element_type=\"container\">\n\t\t\t\t\t<div class=\"e-con-inner\">\n\t\t<div class=\"elementor-element elementor-element-4b544139 e-con-full e-flex e-con e-child\" data-id=\"4b544139\" data-element_type=\"container\">\n\t\t\t\t<div class=\"elementor-element elementor-element-78bb0c57 elementor-widget elementor-widget-heading\" data-id=\"78bb0c57\" data-element_type=\"widget\" data-widget_type=\"heading.default\">\n\t\t\t\t<div class=\"elementor-widget-container\">\n\t\t\t\t\t<h1 class=\"elementor-heading-title elementor-size-default\">Los objetivos<\/h1>\t\t\t\t<\/div>\n\t\t\t\t<\/div>\n\t\t\t\t<\/div>\n\t\t<div class=\"elementor-element elementor-element-10528809 e-con-full e-flex e-con e-child\" data-id=\"10528809\" data-element_type=\"container\">\n\t\t\t\t<div class=\"elementor-element elementor-element-592be505 elementor-widget elementor-widget-text-editor\" data-id=\"592be505\" data-element_type=\"widget\" data-widget_type=\"text-editor.default\">\n\t\t\t\t<div class=\"elementor-widget-container\">\n\t\t\t\t\t\t\t\t\t<p>BRAND GAME ofrece una oportunidad excepcional para apoyar nuevas pol\u00edticas para la inclusi\u00f3n de los j\u00f3venes, el apoyo a los ninis y la igualdad de g\u00e9nero, especialmente en el lugar de trabajo que se ve muy afectado por el brote de COVID-19 y el movimiento #metoo. Invierte en la experiencia pr\u00e1ctica que las mujeres deben tener para ser activadas y estar adecuadamente equipadas para reincorporarse a la sociedad y buscar oportunidades de trabajo y E&amp;T.<\/p>\t\t\t\t\t\t\t\t<\/div>\n\t\t\t\t<\/div>\n\t\t\t\t<\/div>\n\t\t\t\t\t<\/div>\n\t\t\t\t<\/div>\n\t\t<div class=\"elementor-element elementor-element-56ebf66 e-flex e-con-boxed e-con e-parent\" data-id=\"56ebf66\" data-element_type=\"container\">\n\t\t\t\t\t<div class=\"e-con-inner\">\n\t\t<div class=\"elementor-element elementor-element-e8c05a7 e-con-full e-flex e-con e-child\" data-id=\"e8c05a7\" data-element_type=\"container\">\n\t\t\t\t<div class=\"elementor-element elementor-element-138da35 elementor-widget elementor-widget-heading\" data-id=\"138da35\" data-element_type=\"widget\" data-widget_type=\"heading.default\">\n\t\t\t\t<div class=\"elementor-widget-container\">\n\t\t\t\t\t<h1 class=\"elementor-heading-title elementor-size-default\">Los grupos destinatarios <\/h1>\t\t\t\t<\/div>\n\t\t\t\t<\/div>\n\t\t\t\t<\/div>\n\t\t<div class=\"elementor-element elementor-element-ee01b02 e-con-full e-flex e-con e-child\" data-id=\"ee01b02\" data-element_type=\"container\">\n\t\t\t\t<div class=\"elementor-element elementor-element-d4389c5 elementor-widget elementor-widget-text-editor\" data-id=\"d4389c5\" data-element_type=\"widget\" data-widget_type=\"text-editor.default\">\n\t\t\t\t<div class=\"elementor-widget-container\">\n\t\t\t\t\t\t\t\t\t<ol><li>Mujeres de 17 a 24 a\u00f1os<\/li><li>Mujeres categorizadas como ninis<\/li><li>Mujeres en riesgo de marginaci\u00f3n\/exclusi\u00f3n social<\/li><li>Mujeres que necesitan reincorporarse al mercado laboral pero carecen de motivaci\u00f3n, habilidades y confianza en s\u00ed mismas<\/li><\/ol>\t\t\t\t\t\t\t\t<\/div>\n\t\t\t\t<\/div>\n\t\t\t\t<\/div>\n\t\t\t\t\t<\/div>\n\t\t\t\t<\/div>\n\t\t\t\t<\/div>\n\t\t","protected":false},"excerpt":{"rendered":"<p>Los objetivos BRAND GAME ofrece una oportunidad excepcional para apoyar nuevas pol\u00edticas para la inclusi\u00f3n de los j\u00f3venes, el apoyo a los ninis y la igualdad de g\u00e9nero, especialmente en el lugar de trabajo que se ve muy afectado por el brote de COVID-19 y el movimiento #metoo. Invierte en la experiencia pr\u00e1ctica que las [&hellip;]<\/p>\n","protected":false},"author":2,"featured_media":0,"parent":0,"menu_order":0,"comment_status":"closed","ping_status":"closed","template":"elementor_header_footer","meta":{"footnotes":""},"class_list":["post-485","page","type-page","status-publish","hentry"],"_links":{"self":[{"href":"https:\/\/brandgame.eu\/es\/wp-json\/wp\/v2\/pages\/485","targetHints":{"allow":["GET"]}}],"collection":[{"href":"https:\/\/brandgame.eu\/es\/wp-json\/wp\/v2\/pages"}],"about":[{"href":"https:\/\/brandgame.eu\/es\/wp-json\/wp\/v2\/types\/page"}],"author":[{"embeddable":true,"href":"https:\/\/brandgame.eu\/es\/wp-json\/wp\/v2\/users\/2"}],"replies":[{"embeddable":true,"href":"https:\/\/brandgame.eu\/es\/wp-json\/wp\/v2\/comments?post=485"}],"version-history":[{"count":1,"href":"https:\/\/brandgame.eu\/es\/wp-json\/wp\/v2\/pages\/485\/revisions"}],"predecessor-version":[{"id":486,"href":"https:\/\/brandgame.eu\/es\/wp-json\/wp\/v2\/pages\/485\/revisions\/486"}],"wp:attachment":[{"href":"https:\/\/brandgame.eu\/es\/wp-json\/wp\/v2\/media?parent=485"}],"curies":[{"name":"wp","href":"https:\/\/api.w.org\/{rel}","templated":true}]}}