{"id":491,"date":"2025-02-24T23:32:15","date_gmt":"2025-02-24T20:32:15","guid":{"rendered":"https:\/\/brandgame.eu\/blog\/"},"modified":"2025-07-07T14:06:12","modified_gmt":"2025-07-07T11:06:12","slug":"blog","status":"publish","type":"page","link":"https:\/\/brandgame.eu\/es\/blog\/","title":{"rendered":"Blog"},"content":{"rendered":"\t\t<div data-elementor-type=\"wp-page\" data-elementor-id=\"491\" class=\"elementor elementor-491 elementor-196\" data-elementor-post-type=\"page\">\n\t\t\t\t<div class=\"elementor-element elementor-element-3b6b47f e-flex e-con-boxed e-con e-parent\" data-id=\"3b6b47f\" data-element_type=\"container\">\n\t\t\t\t\t<div class=\"e-con-inner\">\n\t\t\t\t<div class=\"elementor-element elementor-element-0504a74 elementor-grid-2 elementor-grid-tablet-2 elementor-grid-mobile-1 elementor-posts--thumbnail-top elementor-widget elementor-widget-posts\" data-id=\"0504a74\" data-element_type=\"widget\" data-settings=\"{&quot;classic_columns&quot;:&quot;2&quot;,&quot;classic_columns_tablet&quot;:&quot;2&quot;,&quot;classic_columns_mobile&quot;:&quot;1&quot;,&quot;classic_row_gap&quot;:{&quot;unit&quot;:&quot;px&quot;,&quot;size&quot;:35,&quot;sizes&quot;:[]},&quot;classic_row_gap_tablet&quot;:{&quot;unit&quot;:&quot;px&quot;,&quot;size&quot;:&quot;&quot;,&quot;sizes&quot;:[]},&quot;classic_row_gap_mobile&quot;:{&quot;unit&quot;:&quot;px&quot;,&quot;size&quot;:&quot;&quot;,&quot;sizes&quot;:[]}}\" data-widget_type=\"posts.classic\">\n\t\t\t\t<div class=\"elementor-widget-container\">\n\t\t\t\t\t\t\t<div class=\"elementor-posts-container elementor-posts elementor-posts--skin-classic elementor-grid\" role=\"list\">\n\t\t\t\t<article class=\"elementor-post elementor-grid-item post-861 post type-post status-publish format-standard hentry category-material-es\" role=\"listitem\">\n\t\t\t\t<div class=\"elementor-post__text\">\n\t\t\t\t<h3 class=\"elementor-post__title\">\n\t\t\t<a href=\"https:\/\/brandgame.eu\/es\/2025\/07\/09\/project-brochure\/\" >\n\t\t\t\tPROJECT BROCHURE\t\t\t<\/a>\n\t\t<\/h3>\n\t\t\t\t<div class=\"elementor-post__meta-data\">\n\t\t\t\t\t<span class=\"elementor-post-date\">\n\t\t\t9 julio 2025\t\t<\/span>\n\t\t\t\t<\/div>\n\t\t\t\t<div class=\"elementor-post__excerpt\">\n\t\t\t\t\t<\/div>\n\t\t\n\t\t<a class=\"elementor-post__read-more\" href=\"https:\/\/brandgame.eu\/es\/2025\/07\/09\/project-brochure\/\" aria-label=\"M\u00e1s informaci\u00f3n sobre PROJECT BROCHURE\" tabindex=\"-1\" >\n\t\t\tSigue leyendo &gt;\t\t<\/a>\n\n\t\t\t\t<\/div>\n\t\t\t\t<\/article>\n\t\t\t\t<article class=\"elementor-post elementor-grid-item post-823 post type-post status-publish format-standard hentry category-material-es\" role=\"listitem\">\n\t\t\t\t<div class=\"elementor-post__text\">\n\t\t\t\t<h3 class=\"elementor-post__title\">\n\t\t\t<a href=\"https:\/\/brandgame.eu\/es\/2025\/07\/09\/brand-game-presentacion\/\" >\n\t\t\t\tBRAND GAME PRESENTACI\u00d3N\t\t\t<\/a>\n\t\t<\/h3>\n\t\t\t\t<div class=\"elementor-post__meta-data\">\n\t\t\t\t\t<span class=\"elementor-post-date\">\n\t\t\t9 julio 2025\t\t<\/span>\n\t\t\t\t<\/div>\n\t\t\t\t<div class=\"elementor-post__excerpt\">\n\t\t\t\t\t<\/div>\n\t\t\n\t\t<a class=\"elementor-post__read-more\" href=\"https:\/\/brandgame.eu\/es\/2025\/07\/09\/brand-game-presentacion\/\" aria-label=\"M\u00e1s informaci\u00f3n sobre BRAND GAME PRESENTACI\u00d3N\" tabindex=\"-1\" >\n\t\t\tSigue leyendo &gt;\t\t<\/a>\n\n\t\t\t\t<\/div>\n\t\t\t\t<\/article>\n\t\t\t\t<article class=\"elementor-post elementor-grid-item post-778 post type-post status-publish format-standard has-post-thumbnail hentry category-infographic-es\" role=\"listitem\">\n\t\t\t\t<a class=\"elementor-post__thumbnail__link\" href=\"https:\/\/brandgame.eu\/es\/2025\/07\/09\/6th-infographic\/\" tabindex=\"-1\" >\n\t\t\t<div class=\"elementor-post__thumbnail\"><img fetchpriority=\"high\" decoding=\"async\" width=\"300\" height=\"169\" src=\"https:\/\/brandgame.eu\/wp-content\/uploads\/2025\/02\/4-300x169.png\" class=\"attachment-medium size-medium wp-image-418\" alt=\"\" srcset=\"https:\/\/brandgame.eu\/wp-content\/uploads\/2025\/02\/4-300x169.png 300w, https:\/\/brandgame.eu\/wp-content\/uploads\/2025\/02\/4-1024x576.png 1024w, https:\/\/brandgame.eu\/wp-content\/uploads\/2025\/02\/4-768x432.png 768w, https:\/\/brandgame.eu\/wp-content\/uploads\/2025\/02\/4-1536x864.png 1536w, https:\/\/brandgame.eu\/wp-content\/uploads\/2025\/02\/4.png 1728w\" sizes=\"(max-width: 300px) 100vw, 300px\" \/><\/div>\n\t\t<\/a>\n\t\t\t\t<div class=\"elementor-post__text\">\n\t\t\t\t<h3 class=\"elementor-post__title\">\n\t\t\t<a href=\"https:\/\/brandgame.eu\/es\/2025\/07\/09\/6th-infographic\/\" >\n\t\t\t\t6th INFOGRAPHIC\t\t\t<\/a>\n\t\t<\/h3>\n\t\t\t\t<div class=\"elementor-post__meta-data\">\n\t\t\t\t\t<span class=\"elementor-post-date\">\n\t\t\t9 julio 2025\t\t<\/span>\n\t\t\t\t<\/div>\n\t\t\t\t<div class=\"elementor-post__excerpt\">\n\t\t\t\t\t<\/div>\n\t\t\n\t\t<a class=\"elementor-post__read-more\" href=\"https:\/\/brandgame.eu\/es\/2025\/07\/09\/6th-infographic\/\" aria-label=\"M\u00e1s informaci\u00f3n sobre 6th INFOGRAPHIC\" tabindex=\"-1\" >\n\t\t\tSigue leyendo &gt;\t\t<\/a>\n\n\t\t\t\t<\/div>\n\t\t\t\t<\/article>\n\t\t\t\t<article class=\"elementor-post elementor-grid-item post-735 post type-post status-publish format-standard has-post-thumbnail hentry category-infographic-es\" role=\"listitem\">\n\t\t\t\t<a class=\"elementor-post__thumbnail__link\" href=\"https:\/\/brandgame.eu\/es\/2025\/07\/09\/5th-infographic\/\" tabindex=\"-1\" >\n\t\t\t<div class=\"elementor-post__thumbnail\"><img fetchpriority=\"high\" decoding=\"async\" width=\"300\" height=\"169\" src=\"https:\/\/brandgame.eu\/wp-content\/uploads\/2025\/02\/4-300x169.png\" class=\"attachment-medium size-medium wp-image-418\" alt=\"\" srcset=\"https:\/\/brandgame.eu\/wp-content\/uploads\/2025\/02\/4-300x169.png 300w, https:\/\/brandgame.eu\/wp-content\/uploads\/2025\/02\/4-1024x576.png 1024w, https:\/\/brandgame.eu\/wp-content\/uploads\/2025\/02\/4-768x432.png 768w, https:\/\/brandgame.eu\/wp-content\/uploads\/2025\/02\/4-1536x864.png 1536w, https:\/\/brandgame.eu\/wp-content\/uploads\/2025\/02\/4.png 1728w\" sizes=\"(max-width: 300px) 100vw, 300px\" \/><\/div>\n\t\t<\/a>\n\t\t\t\t<div class=\"elementor-post__text\">\n\t\t\t\t<h3 class=\"elementor-post__title\">\n\t\t\t<a href=\"https:\/\/brandgame.eu\/es\/2025\/07\/09\/5th-infographic\/\" >\n\t\t\t\t5th INFOGRAPHIC\t\t\t<\/a>\n\t\t<\/h3>\n\t\t\t\t<div class=\"elementor-post__meta-data\">\n\t\t\t\t\t<span class=\"elementor-post-date\">\n\t\t\t9 julio 2025\t\t<\/span>\n\t\t\t\t<\/div>\n\t\t\t\t<div class=\"elementor-post__excerpt\">\n\t\t\t\t\t<\/div>\n\t\t\n\t\t<a class=\"elementor-post__read-more\" href=\"https:\/\/brandgame.eu\/es\/2025\/07\/09\/5th-infographic\/\" aria-label=\"M\u00e1s informaci\u00f3n sobre 5th INFOGRAPHIC\" tabindex=\"-1\" >\n\t\t\tSigue leyendo &gt;\t\t<\/a>\n\n\t\t\t\t<\/div>\n\t\t\t\t<\/article>\n\t\t\t\t<article class=\"elementor-post elementor-grid-item post-706 post type-post status-publish format-standard has-post-thumbnail hentry category-infographic-es\" role=\"listitem\">\n\t\t\t\t<a class=\"elementor-post__thumbnail__link\" href=\"https:\/\/brandgame.eu\/es\/2025\/07\/09\/4th-infographic\/\" tabindex=\"-1\" >\n\t\t\t<div class=\"elementor-post__thumbnail\"><img fetchpriority=\"high\" decoding=\"async\" width=\"300\" height=\"169\" src=\"https:\/\/brandgame.eu\/wp-content\/uploads\/2025\/02\/4-300x169.png\" class=\"attachment-medium size-medium wp-image-418\" alt=\"\" srcset=\"https:\/\/brandgame.eu\/wp-content\/uploads\/2025\/02\/4-300x169.png 300w, https:\/\/brandgame.eu\/wp-content\/uploads\/2025\/02\/4-1024x576.png 1024w, https:\/\/brandgame.eu\/wp-content\/uploads\/2025\/02\/4-768x432.png 768w, https:\/\/brandgame.eu\/wp-content\/uploads\/2025\/02\/4-1536x864.png 1536w, https:\/\/brandgame.eu\/wp-content\/uploads\/2025\/02\/4.png 1728w\" sizes=\"(max-width: 300px) 100vw, 300px\" \/><\/div>\n\t\t<\/a>\n\t\t\t\t<div class=\"elementor-post__text\">\n\t\t\t\t<h3 class=\"elementor-post__title\">\n\t\t\t<a href=\"https:\/\/brandgame.eu\/es\/2025\/07\/09\/4th-infographic\/\" >\n\t\t\t\t4th INFOGRAPHIC\t\t\t<\/a>\n\t\t<\/h3>\n\t\t\t\t<div class=\"elementor-post__meta-data\">\n\t\t\t\t\t<span class=\"elementor-post-date\">\n\t\t\t9 julio 2025\t\t<\/span>\n\t\t\t\t<\/div>\n\t\t\t\t<div class=\"elementor-post__excerpt\">\n\t\t\t\t\t<\/div>\n\t\t\n\t\t<a class=\"elementor-post__read-more\" href=\"https:\/\/brandgame.eu\/es\/2025\/07\/09\/4th-infographic\/\" aria-label=\"M\u00e1s informaci\u00f3n sobre 4th INFOGRAPHIC\" tabindex=\"-1\" >\n\t\t\tSigue leyendo &gt;\t\t<\/a>\n\n\t\t\t\t<\/div>\n\t\t\t\t<\/article>\n\t\t\t\t<article class=\"elementor-post elementor-grid-item post-689 post type-post status-publish format-standard has-post-thumbnail hentry category-infographic-es\" role=\"listitem\">\n\t\t\t\t<a class=\"elementor-post__thumbnail__link\" href=\"https:\/\/brandgame.eu\/es\/2025\/07\/09\/3rd-infographic\/\" tabindex=\"-1\" >\n\t\t\t<div class=\"elementor-post__thumbnail\"><img fetchpriority=\"high\" decoding=\"async\" width=\"300\" height=\"169\" src=\"https:\/\/brandgame.eu\/wp-content\/uploads\/2025\/02\/4-300x169.png\" class=\"attachment-medium size-medium wp-image-418\" alt=\"\" srcset=\"https:\/\/brandgame.eu\/wp-content\/uploads\/2025\/02\/4-300x169.png 300w, https:\/\/brandgame.eu\/wp-content\/uploads\/2025\/02\/4-1024x576.png 1024w, https:\/\/brandgame.eu\/wp-content\/uploads\/2025\/02\/4-768x432.png 768w, https:\/\/brandgame.eu\/wp-content\/uploads\/2025\/02\/4-1536x864.png 1536w, https:\/\/brandgame.eu\/wp-content\/uploads\/2025\/02\/4.png 1728w\" sizes=\"(max-width: 300px) 100vw, 300px\" \/><\/div>\n\t\t<\/a>\n\t\t\t\t<div class=\"elementor-post__text\">\n\t\t\t\t<h3 class=\"elementor-post__title\">\n\t\t\t<a href=\"https:\/\/brandgame.eu\/es\/2025\/07\/09\/3rd-infographic\/\" >\n\t\t\t\t3rd INFOGRAPHIC\t\t\t<\/a>\n\t\t<\/h3>\n\t\t\t\t<div class=\"elementor-post__meta-data\">\n\t\t\t\t\t<span class=\"elementor-post-date\">\n\t\t\t9 julio 2025\t\t<\/span>\n\t\t\t\t<\/div>\n\t\t\t\t<div class=\"elementor-post__excerpt\">\n\t\t\t\t\t<\/div>\n\t\t\n\t\t<a class=\"elementor-post__read-more\" href=\"https:\/\/brandgame.eu\/es\/2025\/07\/09\/3rd-infographic\/\" aria-label=\"M\u00e1s informaci\u00f3n sobre 3rd INFOGRAPHIC\" tabindex=\"-1\" >\n\t\t\tSigue leyendo &gt;\t\t<\/a>\n\n\t\t\t\t<\/div>\n\t\t\t\t<\/article>\n\t\t\t\t<\/div>\n\t\t\n\t\t\t\t\t\t<\/div>\n\t\t\t\t<\/div>\n\t\t\t\t\t<\/div>\n\t\t\t\t<\/div>\n\t\t\t\t<\/div>\n\t\t","protected":false},"excerpt":{"rendered":"","protected":false},"author":2,"featured_media":0,"parent":0,"menu_order":0,"comment_status":"closed","ping_status":"closed","template":"elementor_header_footer","meta":{"footnotes":""},"class_list":["post-491","page","type-page","status-publish","hentry"],"_links":{"self":[{"href":"https:\/\/brandgame.eu\/es\/wp-json\/wp\/v2\/pages\/491","targetHints":{"allow":["GET"]}}],"collection":[{"href":"https:\/\/brandgame.eu\/es\/wp-json\/wp\/v2\/pages"}],"about":[{"href":"https:\/\/brandgame.eu\/es\/wp-json\/wp\/v2\/types\/page"}],"author":[{"embeddable":true,"href":"https:\/\/brandgame.eu\/es\/wp-json\/wp\/v2\/users\/2"}],"replies":[{"embeddable":true,"href":"https:\/\/brandgame.eu\/es\/wp-json\/wp\/v2\/comments?post=491"}],"version-history":[{"count":1,"href":"https:\/\/brandgame.eu\/es\/wp-json\/wp\/v2\/pages\/491\/revisions"}],"predecessor-version":[{"id":492,"href":"https:\/\/brandgame.eu\/es\/wp-json\/wp\/v2\/pages\/491\/revisions\/492"}],"wp:attachment":[{"href":"https:\/\/brandgame.eu\/es\/wp-json\/wp\/v2\/media?parent=491"}],"curies":[{"name":"wp","href":"https:\/\/api.w.org\/{rel}","templated":true}]}}