{"id":497,"date":"2025-02-21T21:49:07","date_gmt":"2025-02-21T18:49:07","guid":{"rendered":"https:\/\/brandgame.eu\/socios\/"},"modified":"2025-07-07T14:06:12","modified_gmt":"2025-07-07T11:06:12","slug":"socios","status":"publish","type":"page","link":"https:\/\/brandgame.eu\/es\/socios\/","title":{"rendered":"Socios"},"content":{"rendered":"\t\t<div data-elementor-type=\"wp-page\" data-elementor-id=\"497\" class=\"elementor elementor-497 elementor-54\" data-elementor-post-type=\"page\">\n\t\t\t\t<div class=\"elementor-element elementor-element-5d2de0b6 e-flex e-con-boxed e-con e-parent\" data-id=\"5d2de0b6\" data-element_type=\"container\">\n\t\t\t\t\t<div class=\"e-con-inner\">\n\t\t\t\t<div class=\"elementor-element elementor-element-bf74b elementor-widget elementor-widget-image\" data-id=\"bf74b\" data-element_type=\"widget\" data-settings=\"{&quot;motion_fx_motion_fx_scrolling&quot;:&quot;yes&quot;,&quot;motion_fx_scale_effect&quot;:&quot;yes&quot;,&quot;motion_fx_scale_speed&quot;:{&quot;unit&quot;:&quot;px&quot;,&quot;size&quot;:2,&quot;sizes&quot;:[]},&quot;motion_fx_scale_range&quot;:{&quot;unit&quot;:&quot;%&quot;,&quot;size&quot;:&quot;&quot;,&quot;sizes&quot;:{&quot;start&quot;:65,&quot;end&quot;:100}},&quot;motion_fx_scale_direction&quot;:&quot;out-in&quot;,&quot;motion_fx_devices&quot;:[&quot;desktop&quot;,&quot;tablet&quot;,&quot;mobile&quot;]}\" data-widget_type=\"image.default\">\n\t\t\t\t<div class=\"elementor-widget-container\">\n\t\t\t\t\t\t\t\t\t\t\t\t\t\t\t<img fetchpriority=\"high\" decoding=\"async\" width=\"1728\" height=\"972\" src=\"https:\/\/brandgame.eu\/wp-content\/uploads\/2025\/02\/4.png\" class=\"attachment-full size-full wp-image-418\" alt=\"\" srcset=\"https:\/\/brandgame.eu\/wp-content\/uploads\/2025\/02\/4.png 1728w, https:\/\/brandgame.eu\/wp-content\/uploads\/2025\/02\/4-300x169.png 300w, https:\/\/brandgame.eu\/wp-content\/uploads\/2025\/02\/4-1024x576.png 1024w, https:\/\/brandgame.eu\/wp-content\/uploads\/2025\/02\/4-768x432.png 768w, https:\/\/brandgame.eu\/wp-content\/uploads\/2025\/02\/4-1536x864.png 1536w\" sizes=\"(max-width: 1728px) 100vw, 1728px\" \/>\t\t\t\t\t\t\t\t\t\t\t\t\t\t\t<\/div>\n\t\t\t\t<\/div>\n\t\t<div class=\"elementor-element elementor-element-23f30c9c e-flex e-con-boxed e-con e-child\" data-id=\"23f30c9c\" data-element_type=\"container\">\n\t\t\t\t\t<div class=\"e-con-inner\">\n\t\t\t\t<div class=\"elementor-element elementor-element-157af5dc elementor-widget elementor-widget-heading\" data-id=\"157af5dc\" data-element_type=\"widget\" data-widget_type=\"heading.default\">\n\t\t\t\t<div class=\"elementor-widget-container\">\n\t\t\t\t\t<h1 class=\"elementor-heading-title elementor-size-default\">Socios del proyecto Brand Game<\/h1>\t\t\t\t<\/div>\n\t\t\t\t<\/div>\n\t\t\t\t\t<\/div>\n\t\t\t\t<\/div>\n\t\t\t\t\t<\/div>\n\t\t\t\t<\/div>\n\t\t<div class=\"elementor-element elementor-element-6d240b74 e-flex e-con-boxed e-con e-parent\" data-id=\"6d240b74\" data-element_type=\"container\">\n\t\t\t\t\t<div class=\"e-con-inner\">\n\t\t<div class=\"elementor-element elementor-element-1cbf0ad7 e-con-full e-flex e-con e-child\" data-id=\"1cbf0ad7\" data-element_type=\"container\">\n\t\t\t\t<div class=\"elementor-element elementor-element-bf243d3 elementor-widget elementor-widget-image\" data-id=\"bf243d3\" data-element_type=\"widget\" data-widget_type=\"image.default\">\n\t\t\t\t<div class=\"elementor-widget-container\">\n\t\t\t\t\t\t\t\t\t\t\t\t\t\t\t<img decoding=\"async\" width=\"140\" height=\"140\" src=\"https:\/\/brandgame.eu\/wp-content\/uploads\/2025\/02\/BASE-ELEMENT.png\" class=\"attachment-large size-large wp-image-430\" alt=\"\" \/>\t\t\t\t\t\t\t\t\t\t\t\t\t\t\t<\/div>\n\t\t\t\t<\/div>\n\t\t\t\t<div class=\"elementor-element elementor-element-3bde6d74 elementor-widget elementor-widget-heading\" data-id=\"3bde6d74\" data-element_type=\"widget\" data-widget_type=\"heading.default\">\n\t\t\t\t<div class=\"elementor-widget-container\">\n\t\t\t\t\t<h2 class=\"elementor-heading-title elementor-size-default\">BASE ELEMENT<\/h2>\t\t\t\t<\/div>\n\t\t\t\t<\/div>\n\t\t\t\t<\/div>\n\t\t<div class=\"elementor-element elementor-element-720605b3 e-con-full e-flex e-con e-child\" data-id=\"720605b3\" data-element_type=\"container\">\n\t\t<div class=\"elementor-element elementor-element-2f33558b e-con-full e-flex e-con e-child\" data-id=\"2f33558b\" data-element_type=\"container\">\n\t\t\t\t<div class=\"elementor-element elementor-element-26aa4319 elementor-widget elementor-widget-text-editor\" data-id=\"26aa4319\" data-element_type=\"widget\" data-widget_type=\"text-editor.default\">\n\t\t\t\t<div class=\"elementor-widget-container\">\n\t\t\t\t\t\t\t\t\t<p>Base Element es una agencia de marketing digital de pila completa compuesta por estrategas, creativos, especialistas en marketing digital, especialistas en inteligencia de datos, expertos en contenido y tecn\u00f3logos, que transforman colectivamente la informaci\u00f3n de datos en experiencias emotivas para los clientes. Nos impulsan los resultados medibles y las soluciones innovadoras que provocan un cambio progresivo y una transformaci\u00f3n empresarial con los intereses de nuestros clientes en el centro de todo lo que hacemos. En un mundo hiperconectado, siempre pensamos y trabajamos como un todo para servir a una marca en su totalidad. Al reunir conocimientos y experiencia multidimensionales, podemos elaborar estrategias, dise\u00f1ar, desarrollar, crear y comunicar para cumplir con los objetivos comerciales y de comunicaci\u00f3n de una marca  <\/p><p>Website: www.baseelement.digital<br>Contact E-mail: nicosia@baseelement.digital<\/p>\t\t\t\t\t\t\t\t<\/div>\n\t\t\t\t<\/div>\n\t\t\t\t<\/div>\n\t\t\t\t<\/div>\n\t\t\t\t\t<\/div>\n\t\t\t\t<\/div>\n\t\t<div class=\"elementor-element elementor-element-e18b4c3 e-flex e-con-boxed e-con e-parent\" data-id=\"e18b4c3\" data-element_type=\"container\">\n\t\t\t\t\t<div class=\"e-con-inner\">\n\t\t<div class=\"elementor-element elementor-element-21f6427 e-con-full e-flex e-con e-child\" data-id=\"21f6427\" data-element_type=\"container\">\n\t\t\t\t<div class=\"elementor-element elementor-element-b90146f elementor-widget elementor-widget-image\" data-id=\"b90146f\" data-element_type=\"widget\" data-widget_type=\"image.default\">\n\t\t\t\t<div class=\"elementor-widget-container\">\n\t\t\t\t\t\t\t\t\t\t\t\t\t\t\t<img decoding=\"async\" width=\"800\" height=\"191\" src=\"https:\/\/brandgame.eu\/wp-content\/uploads\/2025\/02\/mind-the-game-1024x244.png\" class=\"attachment-large size-large wp-image-433\" alt=\"\" srcset=\"https:\/\/brandgame.eu\/wp-content\/uploads\/2025\/02\/mind-the-game-1024x244.png 1024w, https:\/\/brandgame.eu\/wp-content\/uploads\/2025\/02\/mind-the-game-300x71.png 300w, https:\/\/brandgame.eu\/wp-content\/uploads\/2025\/02\/mind-the-game-768x183.png 768w, https:\/\/brandgame.eu\/wp-content\/uploads\/2025\/02\/mind-the-game-1536x366.png 1536w, https:\/\/brandgame.eu\/wp-content\/uploads\/2025\/02\/mind-the-game.png 2048w\" sizes=\"(max-width: 800px) 100vw, 800px\" \/>\t\t\t\t\t\t\t\t\t\t\t\t\t\t\t<\/div>\n\t\t\t\t<\/div>\n\t\t\t\t<div class=\"elementor-element elementor-element-fe46b0c elementor-widget elementor-widget-heading\" data-id=\"fe46b0c\" data-element_type=\"widget\" data-widget_type=\"heading.default\">\n\t\t\t\t<div class=\"elementor-widget-container\">\n\t\t\t\t\t<h2 class=\"elementor-heading-title elementor-size-default\">MIND THE GAME<\/h2>\t\t\t\t<\/div>\n\t\t\t\t<\/div>\n\t\t\t\t<\/div>\n\t\t<div class=\"elementor-element elementor-element-a90bbbd e-con-full e-flex e-con e-child\" data-id=\"a90bbbd\" data-element_type=\"container\">\n\t\t<div class=\"elementor-element elementor-element-312026c e-con-full e-flex e-con e-child\" data-id=\"312026c\" data-element_type=\"container\">\n\t\t\t\t<div class=\"elementor-element elementor-element-5b193f8 elementor-widget elementor-widget-text-editor\" data-id=\"5b193f8\" data-element_type=\"widget\" data-widget_type=\"text-editor.default\">\n\t\t\t\t<div class=\"elementor-widget-container\">\n\t\t\t\t\t\t\t\t\t<p>MIND THE GAME Un l\u00edder en la industria del juego MIND THE GAME no solo es l\u00edder en la industria del juego, sino que tambi\u00e9n est\u00e1 a la vanguardia de la revoluci\u00f3n del aprendizaje digital. Al combinar mec\u00e1nicas de juego innovadoras y elementos de gamificaci\u00f3n con contenido educativo, MIND THE GAME ha creado un conjunto de juegos digitales que ayudan a los jugadores a adquirir nuevos conocimientos y habilidades de una manera atractiva e interactiva, poniendo un fuerte \u00e9nfasis en la experiencia de usuario intuitiva e inclusiva. Ya sea que est\u00e9s buscando aprender un nuevo idioma, desarrollar tus habilidades de pensamiento cr\u00edtico o mejorar tus habilidades matem\u00e1ticas, MIND THE GAME tiene un juego poderoso para ti. Con una dedicaci\u00f3n a la creaci\u00f3n de juegos digitales que hacen que el aprendizaje sea divertido y efectivo, MIND THE GAME est\u00e1 ayudando a dar forma al futuro de la educaci\u00f3n.   <\/p><p>Website: <a href=\"http:\/\/www.mindthegame.ltd\/\">www.mindthegame.ltd<\/a><\/p><p>Email: <a href=\"mailto:info@mindthegame.ltd\">info@mindthegame.ltd<\/a><\/p>\t\t\t\t\t\t\t\t<\/div>\n\t\t\t\t<\/div>\n\t\t\t\t<\/div>\n\t\t\t\t<\/div>\n\t\t\t\t\t<\/div>\n\t\t\t\t<\/div>\n\t\t<div class=\"elementor-element elementor-element-5fd282c e-flex e-con-boxed e-con e-parent\" data-id=\"5fd282c\" data-element_type=\"container\">\n\t\t\t\t\t<div class=\"e-con-inner\">\n\t\t<div class=\"elementor-element elementor-element-5666048 e-con-full e-flex e-con e-child\" data-id=\"5666048\" data-element_type=\"container\">\n\t\t\t\t<div class=\"elementor-element elementor-element-3bf40e6 elementor-widget elementor-widget-image\" data-id=\"3bf40e6\" data-element_type=\"widget\" data-widget_type=\"image.default\">\n\t\t\t\t<div class=\"elementor-widget-container\">\n\t\t\t\t\t\t\t\t\t\t\t\t\t\t\t<img loading=\"lazy\" decoding=\"async\" width=\"800\" height=\"383\" src=\"https:\/\/brandgame.eu\/wp-content\/uploads\/2025\/02\/cropped-learning-seed-Green_left.png\" class=\"attachment-large size-large wp-image-436\" alt=\"\" srcset=\"https:\/\/brandgame.eu\/wp-content\/uploads\/2025\/02\/cropped-learning-seed-Green_left.png 805w, https:\/\/brandgame.eu\/wp-content\/uploads\/2025\/02\/cropped-learning-seed-Green_left-300x143.png 300w, https:\/\/brandgame.eu\/wp-content\/uploads\/2025\/02\/cropped-learning-seed-Green_left-768x367.png 768w\" sizes=\"(max-width: 800px) 100vw, 800px\" \/>\t\t\t\t\t\t\t\t\t\t\t\t\t\t\t<\/div>\n\t\t\t\t<\/div>\n\t\t\t\t<div class=\"elementor-element elementor-element-a9d2a18 elementor-widget elementor-widget-heading\" data-id=\"a9d2a18\" data-element_type=\"widget\" data-widget_type=\"heading.default\">\n\t\t\t\t<div class=\"elementor-widget-container\">\n\t\t\t\t\t<h2 class=\"elementor-heading-title elementor-size-default\">LEARNING SEED<\/h2>\t\t\t\t<\/div>\n\t\t\t\t<\/div>\n\t\t\t\t<\/div>\n\t\t<div class=\"elementor-element elementor-element-e23e96e e-con-full e-flex e-con e-child\" data-id=\"e23e96e\" data-element_type=\"container\">\n\t\t<div class=\"elementor-element elementor-element-797bc46 e-con-full e-flex e-con e-child\" data-id=\"797bc46\" data-element_type=\"container\">\n\t\t\t\t<div class=\"elementor-element elementor-element-03230f3 elementor-widget elementor-widget-text-editor\" data-id=\"03230f3\" data-element_type=\"widget\" data-widget_type=\"text-editor.default\">\n\t\t\t\t<div class=\"elementor-widget-container\">\n\t\t\t\t\t\t\t\t\t<p><strong>Learning Seed<\/strong> es una organizaci\u00f3n de educaci\u00f3n no formal y de la sociedad civil, con sede en la ciudad de Argos en el Peloponeso, Grecia, que comenz\u00f3 su operaci\u00f3n y acci\u00f3n en 2021. Learning Seed tiene como objetivo implementar y desarrollar enfoques de educaci\u00f3n no formal y la educaci\u00f3n continua (Life Long Learning) en la juventud, la EFP y la educaci\u00f3n de adultos, para activar la sociedad civil y hacer frente a la exclusi\u00f3n social, proporcionando un apoyo pr\u00e1ctico a los grupos socialmente vulnerables y marginados y las personas necesitadas, a trav\u00e9s de la provisi\u00f3n de formaciones altamente atractivas que establecen la igualdad de acceso a las oportunidades de E &amp; T. Nuestro objetivo es inspirar a la comunidad local y a otras personas para que adopten nuestra mentalidad y se unan a nuestro esfuerzo por una sociedad mejor educada mediante el aprendizaje permanente y la inclusi\u00f3n. Utilizamos nuestra cultura y nuestro arte para crear experiencias de aprendizaje duraderas y desencadenar acciones sociales en favor de un cambio positivo.  <\/p><p><br>Website: <a href=\"https:\/\/www.learningseed.eu\/\">Learning Seed<\/a><br>Contact E-mail: <a href=\"mailto:info@learningseed.eu\">info@learningseed.eu<\/a><\/p>\t\t\t\t\t\t\t\t<\/div>\n\t\t\t\t<\/div>\n\t\t\t\t<\/div>\n\t\t\t\t<\/div>\n\t\t\t\t\t<\/div>\n\t\t\t\t<\/div>\n\t\t<div class=\"elementor-element elementor-element-f3dca0e e-flex e-con-boxed e-con e-parent\" data-id=\"f3dca0e\" data-element_type=\"container\">\n\t\t\t\t\t<div class=\"e-con-inner\">\n\t\t<div class=\"elementor-element elementor-element-bbe5a7b e-con-full e-flex e-con e-child\" data-id=\"bbe5a7b\" data-element_type=\"container\">\n\t\t\t\t<div class=\"elementor-element elementor-element-7bb3646 elementor-widget elementor-widget-image\" data-id=\"7bb3646\" data-element_type=\"widget\" data-widget_type=\"image.default\">\n\t\t\t\t<div class=\"elementor-widget-container\">\n\t\t\t\t\t\t\t\t\t\t\t\t\t\t\t<img loading=\"lazy\" decoding=\"async\" width=\"376\" height=\"225\" src=\"https:\/\/brandgame.eu\/wp-content\/uploads\/2025\/02\/fyg.png\" class=\"attachment-large size-large wp-image-451\" alt=\"\" srcset=\"https:\/\/brandgame.eu\/wp-content\/uploads\/2025\/02\/fyg.png 376w, https:\/\/brandgame.eu\/wp-content\/uploads\/2025\/02\/fyg-300x180.png 300w\" sizes=\"(max-width: 376px) 100vw, 376px\" \/>\t\t\t\t\t\t\t\t\t\t\t\t\t\t\t<\/div>\n\t\t\t\t<\/div>\n\t\t\t\t<div class=\"elementor-element elementor-element-f27b6e6 elementor-widget elementor-widget-heading\" data-id=\"f27b6e6\" data-element_type=\"widget\" data-widget_type=\"heading.default\">\n\t\t\t\t<div class=\"elementor-widget-container\">\n\t\t\t\t\t<h2 class=\"elementor-heading-title elementor-size-default\">FYG<\/h2>\t\t\t\t<\/div>\n\t\t\t\t<\/div>\n\t\t\t\t<\/div>\n\t\t<div class=\"elementor-element elementor-element-3a701f6 e-con-full e-flex e-con e-child\" data-id=\"3a701f6\" data-element_type=\"container\">\n\t\t<div class=\"elementor-element elementor-element-a34f48d e-con-full e-flex e-con e-child\" data-id=\"a34f48d\" data-element_type=\"container\">\n\t\t\t\t<div class=\"elementor-element elementor-element-72d43fd elementor-widget elementor-widget-text-editor\" data-id=\"72d43fd\" data-element_type=\"widget\" data-widget_type=\"text-editor.default\">\n\t\t\t\t<div class=\"elementor-widget-container\">\n\t\t\t\t\t\t\t\t\t<p>Instalofi Levante S.L. &#8211; FyG Consultores (FYG) es una organizaci\u00f3n privada de educaci\u00f3n y formaci\u00f3n profesional, que promueve el mercado laboral local, as\u00ed como un proceso de aprendizaje permanente de adultos, empresas y j\u00f3venes. FYG trabaja activamente en servicios de desarrollo profesional para referirse a una amplia gama de programas y servicios cuyo prop\u00f3sito principal es ayudar a las personas a Adquirir los conocimientos, las habilidades y las actitudes necesarias para desarrollar habilidades para la vida y gestionar su aprendizaje, su trabajo y sus carreras.<\/p><p>Website: https:\/\/www.fygconsultores.com\/?lang=en<\/p><p>Email: info@fygconsultores.com<\/p>\t\t\t\t\t\t\t\t<\/div>\n\t\t\t\t<\/div>\n\t\t\t\t<\/div>\n\t\t\t\t<\/div>\n\t\t\t\t\t<\/div>\n\t\t\t\t<\/div>\n\t\t<div class=\"elementor-element elementor-element-b45a708 e-flex e-con-boxed e-con e-parent\" data-id=\"b45a708\" data-element_type=\"container\">\n\t\t\t\t\t<div class=\"e-con-inner\">\n\t\t<div class=\"elementor-element elementor-element-813b923 e-con-full e-flex e-con e-child\" data-id=\"813b923\" data-element_type=\"container\">\n\t\t\t\t<div class=\"elementor-element elementor-element-0121fc6 elementor-widget elementor-widget-image\" data-id=\"0121fc6\" data-element_type=\"widget\" data-widget_type=\"image.default\">\n\t\t\t\t<div class=\"elementor-widget-container\">\n\t\t\t\t\t\t\t\t\t\t\t\t\t\t\t<img loading=\"lazy\" decoding=\"async\" width=\"500\" height=\"340\" src=\"https:\/\/brandgame.eu\/wp-content\/uploads\/2025\/02\/uva.png\" class=\"attachment-large size-large wp-image-442\" alt=\"\" srcset=\"https:\/\/brandgame.eu\/wp-content\/uploads\/2025\/02\/uva.png 500w, https:\/\/brandgame.eu\/wp-content\/uploads\/2025\/02\/uva-300x204.png 300w\" sizes=\"(max-width: 500px) 100vw, 500px\" \/>\t\t\t\t\t\t\t\t\t\t\t\t\t\t\t<\/div>\n\t\t\t\t<\/div>\n\t\t\t\t<div class=\"elementor-element elementor-element-7228dfe elementor-widget elementor-widget-heading\" data-id=\"7228dfe\" data-element_type=\"widget\" data-widget_type=\"heading.default\">\n\t\t\t\t<div class=\"elementor-widget-container\">\n\t\t\t\t\t<h2 class=\"elementor-heading-title elementor-size-default\">UNIVERSIDAD DE VALLADOLID (UVA)<\/h2>\t\t\t\t<\/div>\n\t\t\t\t<\/div>\n\t\t\t\t<\/div>\n\t\t<div class=\"elementor-element elementor-element-e424f12 e-con-full e-flex e-con e-child\" data-id=\"e424f12\" data-element_type=\"container\">\n\t\t<div class=\"elementor-element elementor-element-9af91c1 e-con-full e-flex e-con e-child\" data-id=\"9af91c1\" data-element_type=\"container\">\n\t\t\t\t<div class=\"elementor-element elementor-element-1750fcd elementor-widget elementor-widget-text-editor\" data-id=\"1750fcd\" data-element_type=\"widget\" data-widget_type=\"text-editor.default\">\n\t\t\t\t<div class=\"elementor-widget-container\">\n\t\t\t\t\t\t\t\t\t<p>La Universidad de Valladolid es una de las universidades p\u00fablicas m\u00e1s importantes de Espa\u00f1a. Desde sus or\u00edgenes en el siglo XIII, la instituci\u00f3n acad\u00e9mica ha ido creciendo y adapt\u00e1ndose a los nuevos tiempos. Su actividad se desarrolla en cuatro campus, ubicados en la comunidad aut\u00f3noma de Castilla y Le\u00f3n: Palencia, Segovia, Soria y Valladolid.   Ofrece una amplia variedad de licenciaturas, maestr\u00edas y doctorados, con programas en los campos de Ciencias, Humanidades, Ingenier\u00eda y Arquitectura, Ciencias de la Salud y Ciencias Sociales y Jur\u00eddicas. En total, en sus 26 centros, 59 Departamentos, 12 Institutos Universitarios y 4 Centros de Investigaci\u00f3n y Tecnol\u00f3gicos se ofertan 68 grados, 15 programas de estudios conjuntos, 65 m\u00e1steres y 29 programas de doctorado. <br><br>Su apuesta por el aprendizaje permanente, su liderazgo en movilidad y su extensa red de relaciones internacionales, sus prestigiosos centros de investigaci\u00f3n, su enorme potencial cultural y deportivo y su compromiso social y medioambiental conforman un entorno acad\u00e9mico excepcional, equiparable al de las universidades europeas m\u00e1s antiguas y prestigiosas.<br><br><strong>El Observatorio para la Convalidaci\u00f3n de Competencias Profesionales (Observal)<\/strong>, pertenece al equipo de investigaci\u00f3n del Departamento de Pedagog\u00eda de la Facultad de Educaci\u00f3n y Trabajo Social de la Universidad de Valladolid. Observal fue creada en 2008 y desarrolla una l\u00ednea de intervenci\u00f3n e investigaci\u00f3n relacionada con el aprendizaje de adultos y el reconocimiento de sus competencias personales y profesionales.  <br><br>Website: <a href=\"https:\/\/www.uva.es\/export\/sites\/uva\/\">https:\/\/www.uva.es\/export\/sites\/uva\/<\/a><br><a href=\"https:\/\/www.observal.es\/es\/\">https:\/\/www.observal.es\/es\/<\/a><br>Contact E-mail: luis.carro@uva.es<\/p>\t\t\t\t\t\t\t\t<\/div>\n\t\t\t\t<\/div>\n\t\t\t\t<\/div>\n\t\t\t\t<\/div>\n\t\t\t\t\t<\/div>\n\t\t\t\t<\/div>\n\t\t<div class=\"elementor-element elementor-element-c763064 e-flex e-con-boxed e-con e-parent\" data-id=\"c763064\" data-element_type=\"container\">\n\t\t\t\t\t<div class=\"e-con-inner\">\n\t\t<div class=\"elementor-element elementor-element-e76d2e3 e-con-full e-flex e-con e-child\" data-id=\"e76d2e3\" data-element_type=\"container\">\n\t\t\t\t<div class=\"elementor-element elementor-element-ae5b171 elementor-widget elementor-widget-image\" data-id=\"ae5b171\" data-element_type=\"widget\" data-widget_type=\"image.default\">\n\t\t\t\t<div class=\"elementor-widget-container\">\n\t\t\t\t\t\t\t\t\t\t\t\t\t\t\t<img loading=\"lazy\" decoding=\"async\" width=\"259\" height=\"194\" src=\"https:\/\/brandgame.eu\/wp-content\/uploads\/2025\/02\/samsun.jpeg\" class=\"attachment-large size-large wp-image-445\" alt=\"\" \/>\t\t\t\t\t\t\t\t\t\t\t\t\t\t\t<\/div>\n\t\t\t\t<\/div>\n\t\t\t\t<div class=\"elementor-element elementor-element-47096c1 elementor-widget elementor-widget-heading\" data-id=\"47096c1\" data-element_type=\"widget\" data-widget_type=\"heading.default\">\n\t\t\t\t<div class=\"elementor-widget-container\">\n\t\t\t\t\t<h2 class=\"elementor-heading-title elementor-size-default\">SAMSUN GOVERNORSHIP<\/h2>\t\t\t\t<\/div>\n\t\t\t\t<\/div>\n\t\t\t\t<\/div>\n\t\t<div class=\"elementor-element elementor-element-99e0d2e e-con-full e-flex e-con e-child\" data-id=\"99e0d2e\" data-element_type=\"container\">\n\t\t<div class=\"elementor-element elementor-element-77bbb4b e-con-full e-flex e-con e-child\" data-id=\"77bbb4b\" data-element_type=\"container\">\n\t\t\t\t<div class=\"elementor-element elementor-element-db121a8 elementor-widget elementor-widget-text-editor\" data-id=\"db121a8\" data-element_type=\"widget\" data-widget_type=\"text-editor.default\">\n\t\t\t\t<div class=\"elementor-widget-container\">\n\t\t\t\t\t\t\t\t\t<p>La Gobernaci\u00f3n de Samsun es la autoridad local gubernamental que gobierna todas las direcciones e instituciones p\u00fablicas dentro de sus 17 distritos. Est\u00e1 autorizada a coordinar, supervisar y cooperar con todas las empresas, organizaciones e instituciones privadas sin fines de lucro, incluidas las direcciones provinciales de educaci\u00f3n, cultura y turismo, salud, medio ambiente, silvicultura y asuntos h\u00eddricos, seguridad p\u00fablica y organizaciones de la sociedad civil. Samsun es una de las treinta provincias en el estatus metropolitano de Turqu\u00eda. Es la provincia m\u00e1s poblada de la regi\u00f3n del Mar Negro, con una poblaci\u00f3n de 1.348 millones de habitantes. La Gobernaci\u00f3n de Samsun es responsable de hacer efectivas las leyes, normas, reglamentos y decisiones del gobierno. Est\u00e1 autorizada para llevar a cabo estos procesos y tomar medidas.    <br><br>Website: http:\/\/www.samsun.gov.tr\/<br>Contact E-mail: valilik@samsun.gov.tr<\/p>\t\t\t\t\t\t\t\t<\/div>\n\t\t\t\t<\/div>\n\t\t\t\t<\/div>\n\t\t\t\t<\/div>\n\t\t\t\t\t<\/div>\n\t\t\t\t<\/div>\n\t\t\t\t<\/div>\n\t\t","protected":false},"excerpt":{"rendered":"<p>Socios del proyecto Brand Game BASE ELEMENT Base Element es una agencia de marketing digital de pila completa compuesta por estrategas, creativos, especialistas en marketing digital, especialistas en inteligencia de datos, expertos en contenido y tecn\u00f3logos, que transforman colectivamente la informaci\u00f3n de datos en experiencias emotivas para los clientes. Nos impulsan los resultados medibles y [&hellip;]<\/p>\n","protected":false},"author":2,"featured_media":0,"parent":0,"menu_order":0,"comment_status":"closed","ping_status":"closed","template":"elementor_header_footer","meta":{"footnotes":""},"class_list":["post-497","page","type-page","status-publish","hentry"],"_links":{"self":[{"href":"https:\/\/brandgame.eu\/es\/wp-json\/wp\/v2\/pages\/497","targetHints":{"allow":["GET"]}}],"collection":[{"href":"https:\/\/brandgame.eu\/es\/wp-json\/wp\/v2\/pages"}],"about":[{"href":"https:\/\/brandgame.eu\/es\/wp-json\/wp\/v2\/types\/page"}],"author":[{"embeddable":true,"href":"https:\/\/brandgame.eu\/es\/wp-json\/wp\/v2\/users\/2"}],"replies":[{"embeddable":true,"href":"https:\/\/brandgame.eu\/es\/wp-json\/wp\/v2\/comments?post=497"}],"version-history":[{"count":1,"href":"https:\/\/brandgame.eu\/es\/wp-json\/wp\/v2\/pages\/497\/revisions"}],"predecessor-version":[{"id":498,"href":"https:\/\/brandgame.eu\/es\/wp-json\/wp\/v2\/pages\/497\/revisions\/498"}],"wp:attachment":[{"href":"https:\/\/brandgame.eu\/es\/wp-json\/wp\/v2\/media?parent=497"}],"curies":[{"name":"wp","href":"https:\/\/api.w.org\/{rel}","templated":true}]}}