{"id":503,"date":"2025-02-21T21:49:08","date_gmt":"2025-02-21T18:49:08","guid":{"rendered":"https:\/\/brandgame.eu\/resultados\/"},"modified":"2025-07-09T13:47:59","modified_gmt":"2025-07-09T10:47:59","slug":"resultados","status":"publish","type":"page","link":"https:\/\/brandgame.eu\/es\/resultados\/","title":{"rendered":"Resultados"},"content":{"rendered":"\t\t<div data-elementor-type=\"wp-page\" data-elementor-id=\"503\" class=\"elementor elementor-503 elementor-58\" data-elementor-post-type=\"page\">\n\t\t\t\t<div class=\"elementor-element elementor-element-4d9dea9f e-flex e-con-boxed e-con e-parent\" data-id=\"4d9dea9f\" data-element_type=\"container\">\n\t\t\t\t\t<div class=\"e-con-inner\">\n\t\t<div class=\"elementor-element elementor-element-65e17194 e-flex e-con-boxed e-con e-child\" data-id=\"65e17194\" data-element_type=\"container\">\n\t\t\t\t\t<div class=\"e-con-inner\">\n\t\t\t\t<div class=\"elementor-element elementor-element-7ce8bd7b elementor-widget elementor-widget-heading\" data-id=\"7ce8bd7b\" data-element_type=\"widget\" data-widget_type=\"heading.default\">\n\t\t\t\t<div class=\"elementor-widget-container\">\n\t\t\t\t\t<h1 class=\"elementor-heading-title elementor-size-default\">Resultados<\/h1>\t\t\t\t<\/div>\n\t\t\t\t<\/div>\n\t\t\t\t<div class=\"elementor-element elementor-element-5cde8d14 elementor-widget elementor-widget-text-editor\" data-id=\"5cde8d14\" data-element_type=\"widget\" data-widget_type=\"text-editor.default\">\n\t\t\t\t<div class=\"elementor-widget-container\">\n\t\t\t\t\t\t\t\t\t<p>Principales resultados<\/p>\t\t\t\t\t\t\t\t<\/div>\n\t\t\t\t<\/div>\n\t\t\t\t<div class=\"elementor-element elementor-element-eb52b1a elementor-widget elementor-widget-text-editor\" data-id=\"eb52b1a\" data-element_type=\"widget\" data-widget_type=\"text-editor.default\">\n\t\t\t\t<div class=\"elementor-widget-container\">\n\t\t\t\t\t\t\t\t\t<ol><li>Personal Branding 4 Women: Materiales de capacitaci\u00f3n: Materiales pr\u00e1cticos dedicados para que las mujeres aumenten su automotivaci\u00f3n, se activen y aumenten sus habilidades interpersonales y blandas. El objetivo es permitirles crear su propia marca personal para buscar un trabajo m\u00e1s decente y oportunidades de E&amp;T. El objetivo es permitirles crear su propia marca personal para buscar un trabajo m\u00e1s decente y oportunidades de E&amp;T.<\/li><li>BRAND GAME: Un mundo de Minecraft con desaf\u00edos reales en el mercado: Un juego basado en Minecraft que sirve como un entorno de aprendizaje inclusivo y colaborativo para mujeres que promueven situaciones reales en entornos laborales. El objetivo es poner sus habilidades en acci\u00f3n, tomar decisiones y retener sus habilidades a largo plazo.<\/li><li>BRAND GAME: Centro de redes en l\u00ednea: Un portal virtual que tiene como objetivo reunir en un solo lugar a todas las mujeres necesitadas, las partes interesadas, las organizaciones juveniles y los responsables de la toma de decisiones con el fin de influir en las pol\u00edticas hacia la empleabilidad y la inclusi\u00f3n social de los j\u00f3venes.<\/li><\/ol>\t\t\t\t\t\t\t\t<\/div>\n\t\t\t\t<\/div>\n\t\t\t\t\t<\/div>\n\t\t\t\t<\/div>\n\t\t\t\t\t<\/div>\n\t\t\t\t<\/div>\n\t\t<div class=\"elementor-element elementor-element-24d2f29 e-flex e-con-boxed e-con e-parent\" data-id=\"24d2f29\" data-element_type=\"container\">\n\t\t\t\t\t<div class=\"e-con-inner\">\n\t\t<div class=\"elementor-element elementor-element-fc0d76b e-flex e-con-boxed e-con e-child\" data-id=\"fc0d76b\" data-element_type=\"container\">\n\t\t\t\t\t<div class=\"e-con-inner\">\n\t\t\t\t<div class=\"elementor-element elementor-element-3e6339c elementor-widget elementor-widget-heading\" data-id=\"3e6339c\" data-element_type=\"widget\" data-widget_type=\"heading.default\">\n\t\t\t\t<div class=\"elementor-widget-container\">\n\t\t\t\t\t<h1 class=\"elementor-heading-title elementor-size-default\">Material de difusi\u00f3n<\/h1>\t\t\t\t<\/div>\n\t\t\t\t<\/div>\n\t\t\t\t<div class=\"elementor-element elementor-element-d9c6415 elementor-widget elementor-widget-text-editor\" data-id=\"d9c6415\" data-element_type=\"widget\" data-widget_type=\"text-editor.default\">\n\t\t\t\t<div class=\"elementor-widget-container\">\n\t\t\t\t\t\t\t\t\t<p>&#8211;<\/p>\t\t\t\t\t\t\t\t<\/div>\n\t\t\t\t<\/div>\n\t\t\t\t\t<\/div>\n\t\t\t\t<\/div>\n\t\t\t\t\t<\/div>\n\t\t\t\t<\/div>\n\t\t<div class=\"elementor-element elementor-element-3bc54c8 e-flex e-con-boxed e-con e-parent\" data-id=\"3bc54c8\" data-element_type=\"container\">\n\t\t\t\t\t<div class=\"e-con-inner\">\n\t\t<div class=\"elementor-element elementor-element-93f86f1 e-flex e-con-boxed e-con e-child\" data-id=\"93f86f1\" data-element_type=\"container\">\n\t\t\t\t\t<div class=\"e-con-inner\">\n\t\t\t\t<div class=\"elementor-element elementor-element-9ff0706 elementor-widget elementor-widget-heading\" data-id=\"9ff0706\" data-element_type=\"widget\" data-widget_type=\"heading.default\">\n\t\t\t\t<div class=\"elementor-widget-container\">\n\t\t\t\t\t<h1 class=\"elementor-heading-title elementor-size-default\">Newsletters<\/h1>\t\t\t\t<\/div>\n\t\t\t\t<\/div>\n\t\t\t\t<div class=\"elementor-element elementor-element-c1a4819 elementor-widget elementor-widget-text-editor\" data-id=\"c1a4819\" data-element_type=\"widget\" data-widget_type=\"text-editor.default\">\n\t\t\t\t<div class=\"elementor-widget-container\">\n\t\t\t\t\t\t\t\t\t<p>&#8211;<\/p>\t\t\t\t\t\t\t\t<\/div>\n\t\t\t\t<\/div>\n\t\t\t\t\t<\/div>\n\t\t\t\t<\/div>\n\t\t\t\t\t<\/div>\n\t\t\t\t<\/div>\n\t\t<div class=\"elementor-element elementor-element-43196ae e-flex e-con-boxed e-con e-parent\" data-id=\"43196ae\" data-element_type=\"container\">\n\t\t\t\t\t<div class=\"e-con-inner\">\n\t\t<div class=\"elementor-element elementor-element-a678fdd e-flex e-con-boxed e-con e-child\" data-id=\"a678fdd\" data-element_type=\"container\">\n\t\t\t\t\t<div class=\"e-con-inner\">\n\t\t\t\t<div class=\"elementor-element elementor-element-9eb1fcf elementor-widget elementor-widget-heading\" data-id=\"9eb1fcf\" data-element_type=\"widget\" data-widget_type=\"heading.default\">\n\t\t\t\t<div class=\"elementor-widget-container\">\n\t\t\t\t\t<h1 class=\"elementor-heading-title elementor-size-default\">Infograf\u00eda<\/h1>\t\t\t\t<\/div>\n\t\t\t\t<\/div>\n\t\t\t\t<div class=\"elementor-element elementor-element-c5fc2ff elementor-widget elementor-widget-text-editor\" data-id=\"c5fc2ff\" data-element_type=\"widget\" data-widget_type=\"text-editor.default\">\n\t\t\t\t<div class=\"elementor-widget-container\">\n\t\t\t\t\t\t\t\t\t<p>&#8211;<\/p>\t\t\t\t\t\t\t\t<\/div>\n\t\t\t\t<\/div>\n\t\t\t\t\t<\/div>\n\t\t\t\t<\/div>\n\t\t\t\t\t<\/div>\n\t\t\t\t<\/div>\n\t\t\t\t<\/div>\n\t\t","protected":false},"excerpt":{"rendered":"<p>Resultados Principales resultados Personal Branding 4 Women: Materiales de capacitaci\u00f3n: Materiales pr\u00e1cticos dedicados para que las mujeres aumenten su automotivaci\u00f3n, se activen y aumenten sus habilidades interpersonales y blandas. El objetivo es permitirles crear su propia marca personal para buscar un trabajo m\u00e1s decente y oportunidades de E&amp;T. El objetivo es permitirles crear su propia [&hellip;]<\/p>\n","protected":false},"author":2,"featured_media":0,"parent":0,"menu_order":0,"comment_status":"closed","ping_status":"closed","template":"elementor_header_footer","meta":{"footnotes":""},"class_list":["post-503","page","type-page","status-publish","hentry"],"_links":{"self":[{"href":"https:\/\/brandgame.eu\/es\/wp-json\/wp\/v2\/pages\/503","targetHints":{"allow":["GET"]}}],"collection":[{"href":"https:\/\/brandgame.eu\/es\/wp-json\/wp\/v2\/pages"}],"about":[{"href":"https:\/\/brandgame.eu\/es\/wp-json\/wp\/v2\/types\/page"}],"author":[{"embeddable":true,"href":"https:\/\/brandgame.eu\/es\/wp-json\/wp\/v2\/users\/2"}],"replies":[{"embeddable":true,"href":"https:\/\/brandgame.eu\/es\/wp-json\/wp\/v2\/comments?post=503"}],"version-history":[{"count":1,"href":"https:\/\/brandgame.eu\/es\/wp-json\/wp\/v2\/pages\/503\/revisions"}],"predecessor-version":[{"id":504,"href":"https:\/\/brandgame.eu\/es\/wp-json\/wp\/v2\/pages\/503\/revisions\/504"}],"wp:attachment":[{"href":"https:\/\/brandgame.eu\/es\/wp-json\/wp\/v2\/media?parent=503"}],"curies":[{"name":"wp","href":"https:\/\/api.w.org\/{rel}","templated":true}]}}