{"id":487,"date":"2025-02-21T21:49:05","date_gmt":"2025-02-21T18:49:05","guid":{"rendered":"https:\/\/brandgame.eu\/hakkinda\/"},"modified":"2025-07-07T14:06:47","modified_gmt":"2025-07-07T11:06:47","slug":"hakkinda","status":"publish","type":"page","link":"https:\/\/brandgame.eu\/tr\/hakkinda\/","title":{"rendered":"Hakk\u0131nda"},"content":{"rendered":"\t\t<div data-elementor-type=\"wp-page\" data-elementor-id=\"487\" class=\"elementor elementor-487 elementor-38\" data-elementor-post-type=\"page\">\n\t\t\t\t<div class=\"elementor-element elementor-element-5bdea24e e-flex e-con-boxed e-con e-parent\" data-id=\"5bdea24e\" data-element_type=\"container\">\n\t\t\t\t\t<div class=\"e-con-inner\">\n\t\t\t\t<div class=\"elementor-element elementor-element-52e291d7 elementor-widget elementor-widget-image\" data-id=\"52e291d7\" data-element_type=\"widget\" data-settings=\"{&quot;motion_fx_motion_fx_scrolling&quot;:&quot;yes&quot;,&quot;motion_fx_scale_effect&quot;:&quot;yes&quot;,&quot;motion_fx_scale_speed&quot;:{&quot;unit&quot;:&quot;px&quot;,&quot;size&quot;:2,&quot;sizes&quot;:[]},&quot;motion_fx_scale_range&quot;:{&quot;unit&quot;:&quot;%&quot;,&quot;size&quot;:&quot;&quot;,&quot;sizes&quot;:{&quot;start&quot;:50,&quot;end&quot;:100}},&quot;motion_fx_scale_direction&quot;:&quot;out-in&quot;,&quot;motion_fx_devices&quot;:[&quot;desktop&quot;,&quot;tablet&quot;,&quot;mobile&quot;]}\" data-widget_type=\"image.default\">\n\t\t\t\t<div class=\"elementor-widget-container\">\n\t\t\t\t\t\t\t\t\t\t\t\t\t\t\t<img fetchpriority=\"high\" decoding=\"async\" width=\"1728\" height=\"972\" src=\"https:\/\/brandgame.eu\/wp-content\/uploads\/2025\/02\/1.png\" class=\"attachment-full size-full wp-image-410\" alt=\"\" srcset=\"https:\/\/brandgame.eu\/wp-content\/uploads\/2025\/02\/1.png 1728w, https:\/\/brandgame.eu\/wp-content\/uploads\/2025\/02\/1-300x169.png 300w, https:\/\/brandgame.eu\/wp-content\/uploads\/2025\/02\/1-1024x576.png 1024w, https:\/\/brandgame.eu\/wp-content\/uploads\/2025\/02\/1-768x432.png 768w, https:\/\/brandgame.eu\/wp-content\/uploads\/2025\/02\/1-1536x864.png 1536w\" sizes=\"(max-width: 1728px) 100vw, 1728px\" \/>\t\t\t\t\t\t\t\t\t\t\t\t\t\t\t<\/div>\n\t\t\t\t<\/div>\n\t\t\t\t\t<\/div>\n\t\t\t\t<\/div>\n\t\t<div class=\"elementor-element elementor-element-1ca4fe5a e-flex e-con-boxed e-con e-parent\" data-id=\"1ca4fe5a\" data-element_type=\"container\">\n\t\t\t\t\t<div class=\"e-con-inner\">\n\t\t<div class=\"elementor-element elementor-element-4b544139 e-con-full e-flex e-con e-child\" data-id=\"4b544139\" data-element_type=\"container\">\n\t\t\t\t<div class=\"elementor-element elementor-element-78bb0c57 elementor-widget elementor-widget-heading\" data-id=\"78bb0c57\" data-element_type=\"widget\" data-widget_type=\"heading.default\">\n\t\t\t\t<div class=\"elementor-widget-container\">\n\t\t\t\t\t<h1 class=\"elementor-heading-title elementor-size-default\">Ama\u00e7lar<\/h1>\t\t\t\t<\/div>\n\t\t\t\t<\/div>\n\t\t\t\t<\/div>\n\t\t<div class=\"elementor-element elementor-element-10528809 e-con-full e-flex e-con e-child\" data-id=\"10528809\" data-element_type=\"container\">\n\t\t\t\t<div class=\"elementor-element elementor-element-592be505 elementor-widget elementor-widget-text-editor\" data-id=\"592be505\" data-element_type=\"widget\" data-widget_type=\"text-editor.default\">\n\t\t\t\t<div class=\"elementor-widget-container\">\n\t\t\t\t\t\t\t\t\t<p>BRAND GAME, \u00f6zellikle COVID-19 salg\u0131n\u0131 ve #metoo hareketinden olduk\u00e7a etkilenen i\u015fyerlerinde gen\u00e7lerin kat\u0131l\u0131m\u0131, NEET deste\u011fi ve cinsiyet e\u015fitli\u011fine y\u00f6nelik yeni politikalar\u0131 desteklemek i\u00e7in ola\u011fan\u00fcst\u00fc bir f\u0131rsat sunuyor. Kad\u0131nlar\u0131n topluma yeniden kat\u0131labilmeleri ve i\u015f ve e\u011fitim f\u0131rsatlar\u0131n\u0131 takip edebilmeleri i\u00e7in harekete ge\u00e7irilmeleri ve yeterli donan\u0131ma sahip olmalar\u0131 i\u00e7in sahip olmalar\u0131 gereken uygulamal\u0131 deneyime yat\u0131r\u0131m yap\u0131yor.<\/p>\t\t\t\t\t\t\t\t<\/div>\n\t\t\t\t<\/div>\n\t\t\t\t<\/div>\n\t\t\t\t\t<\/div>\n\t\t\t\t<\/div>\n\t\t<div class=\"elementor-element elementor-element-56ebf66 e-flex e-con-boxed e-con e-parent\" data-id=\"56ebf66\" data-element_type=\"container\">\n\t\t\t\t\t<div class=\"e-con-inner\">\n\t\t<div class=\"elementor-element elementor-element-e8c05a7 e-con-full e-flex e-con e-child\" data-id=\"e8c05a7\" data-element_type=\"container\">\n\t\t\t\t<div class=\"elementor-element elementor-element-138da35 elementor-widget elementor-widget-heading\" data-id=\"138da35\" data-element_type=\"widget\" data-widget_type=\"heading.default\">\n\t\t\t\t<div class=\"elementor-widget-container\">\n\t\t\t\t\t<h1 class=\"elementor-heading-title elementor-size-default\">Hedef Gruplar <\/h1>\t\t\t\t<\/div>\n\t\t\t\t<\/div>\n\t\t\t\t<\/div>\n\t\t<div class=\"elementor-element elementor-element-ee01b02 e-con-full e-flex e-con e-child\" data-id=\"ee01b02\" data-element_type=\"container\">\n\t\t\t\t<div class=\"elementor-element elementor-element-d4389c5 elementor-widget elementor-widget-text-editor\" data-id=\"d4389c5\" data-element_type=\"widget\" data-widget_type=\"text-editor.default\">\n\t\t\t\t<div class=\"elementor-widget-container\">\n\t\t\t\t\t\t\t\t\t<ol><li>17 \u2013 24 ya\u015f aras\u0131 kad\u0131nlar<\/li><li>NEET Olarak S\u0131n\u0131fland\u0131r\u0131lan Kad\u0131nlar<\/li><li>\u00d6tekile\u015ftirilme\/sosyal d\u0131\u015flanma riski alt\u0131ndaki kad\u0131nlar<\/li><li>\u0130\u015fg\u00fcc\u00fc piyasas\u0131na yeniden girme ihtiyac\u0131 duyan ancak motivasyon, beceri ve \u00f6zg\u00fcven eksikli\u011fi ya\u015fayan kad\u0131nlar&#8221;<\/li><\/ol>\t\t\t\t\t\t\t\t<\/div>\n\t\t\t\t<\/div>\n\t\t\t\t<\/div>\n\t\t\t\t\t<\/div>\n\t\t\t\t<\/div>\n\t\t\t\t<\/div>\n\t\t","protected":false},"excerpt":{"rendered":"<p>Ama\u00e7lar BRAND GAME, \u00f6zellikle COVID-19 salg\u0131n\u0131 ve #metoo hareketinden olduk\u00e7a etkilenen i\u015fyerlerinde gen\u00e7lerin kat\u0131l\u0131m\u0131, NEET deste\u011fi ve cinsiyet e\u015fitli\u011fine y\u00f6nelik yeni politikalar\u0131 desteklemek i\u00e7in ola\u011fan\u00fcst\u00fc bir f\u0131rsat sunuyor. Kad\u0131nlar\u0131n topluma yeniden kat\u0131labilmeleri ve i\u015f ve e\u011fitim f\u0131rsatlar\u0131n\u0131 takip edebilmeleri i\u00e7in harekete ge\u00e7irilmeleri ve yeterli donan\u0131ma sahip olmalar\u0131 i\u00e7in sahip olmalar\u0131 gereken uygulamal\u0131 deneyime yat\u0131r\u0131m yap\u0131yor. [&hellip;]<\/p>\n","protected":false},"author":2,"featured_media":0,"parent":0,"menu_order":0,"comment_status":"closed","ping_status":"closed","template":"elementor_header_footer","meta":{"footnotes":""},"class_list":["post-487","page","type-page","status-publish","hentry"],"_links":{"self":[{"href":"https:\/\/brandgame.eu\/tr\/wp-json\/wp\/v2\/pages\/487","targetHints":{"allow":["GET"]}}],"collection":[{"href":"https:\/\/brandgame.eu\/tr\/wp-json\/wp\/v2\/pages"}],"about":[{"href":"https:\/\/brandgame.eu\/tr\/wp-json\/wp\/v2\/types\/page"}],"author":[{"embeddable":true,"href":"https:\/\/brandgame.eu\/tr\/wp-json\/wp\/v2\/users\/2"}],"replies":[{"embeddable":true,"href":"https:\/\/brandgame.eu\/tr\/wp-json\/wp\/v2\/comments?post=487"}],"version-history":[{"count":1,"href":"https:\/\/brandgame.eu\/tr\/wp-json\/wp\/v2\/pages\/487\/revisions"}],"predecessor-version":[{"id":488,"href":"https:\/\/brandgame.eu\/tr\/wp-json\/wp\/v2\/pages\/487\/revisions\/488"}],"wp:attachment":[{"href":"https:\/\/brandgame.eu\/tr\/wp-json\/wp\/v2\/media?parent=487"}],"curies":[{"name":"wp","href":"https:\/\/api.w.org\/{rel}","templated":true}]}}