{"id":499,"date":"2025-02-21T21:49:07","date_gmt":"2025-02-21T18:49:07","guid":{"rendered":"https:\/\/brandgame.eu\/ortaklar\/"},"modified":"2025-07-07T14:06:47","modified_gmt":"2025-07-07T11:06:47","slug":"ortaklar","status":"publish","type":"page","link":"https:\/\/brandgame.eu\/tr\/ortaklar\/","title":{"rendered":"Ortaklar"},"content":{"rendered":"\t\t<div data-elementor-type=\"wp-page\" data-elementor-id=\"499\" class=\"elementor elementor-499 elementor-54\" data-elementor-post-type=\"page\">\n\t\t\t\t<div class=\"elementor-element elementor-element-5d2de0b6 e-flex e-con-boxed e-con e-parent\" data-id=\"5d2de0b6\" data-element_type=\"container\">\n\t\t\t\t\t<div class=\"e-con-inner\">\n\t\t\t\t<div class=\"elementor-element elementor-element-bf74b elementor-widget elementor-widget-image\" data-id=\"bf74b\" data-element_type=\"widget\" data-settings=\"{&quot;motion_fx_motion_fx_scrolling&quot;:&quot;yes&quot;,&quot;motion_fx_scale_effect&quot;:&quot;yes&quot;,&quot;motion_fx_scale_speed&quot;:{&quot;unit&quot;:&quot;px&quot;,&quot;size&quot;:2,&quot;sizes&quot;:[]},&quot;motion_fx_scale_range&quot;:{&quot;unit&quot;:&quot;%&quot;,&quot;size&quot;:&quot;&quot;,&quot;sizes&quot;:{&quot;start&quot;:65,&quot;end&quot;:100}},&quot;motion_fx_scale_direction&quot;:&quot;out-in&quot;,&quot;motion_fx_devices&quot;:[&quot;desktop&quot;,&quot;tablet&quot;,&quot;mobile&quot;]}\" data-widget_type=\"image.default\">\n\t\t\t\t<div class=\"elementor-widget-container\">\n\t\t\t\t\t\t\t\t\t\t\t\t\t\t\t<img fetchpriority=\"high\" decoding=\"async\" width=\"1728\" height=\"972\" src=\"https:\/\/brandgame.eu\/wp-content\/uploads\/2025\/02\/4.png\" class=\"attachment-full size-full wp-image-419\" alt=\"\" srcset=\"https:\/\/brandgame.eu\/wp-content\/uploads\/2025\/02\/4.png 1728w, https:\/\/brandgame.eu\/wp-content\/uploads\/2025\/02\/4-300x169.png 300w, https:\/\/brandgame.eu\/wp-content\/uploads\/2025\/02\/4-1024x576.png 1024w, https:\/\/brandgame.eu\/wp-content\/uploads\/2025\/02\/4-768x432.png 768w, https:\/\/brandgame.eu\/wp-content\/uploads\/2025\/02\/4-1536x864.png 1536w\" sizes=\"(max-width: 1728px) 100vw, 1728px\" \/>\t\t\t\t\t\t\t\t\t\t\t\t\t\t\t<\/div>\n\t\t\t\t<\/div>\n\t\t<div class=\"elementor-element elementor-element-23f30c9c e-flex e-con-boxed e-con e-child\" data-id=\"23f30c9c\" data-element_type=\"container\">\n\t\t\t\t\t<div class=\"e-con-inner\">\n\t\t\t\t<div class=\"elementor-element elementor-element-157af5dc elementor-widget elementor-widget-heading\" data-id=\"157af5dc\" data-element_type=\"widget\" data-widget_type=\"heading.default\">\n\t\t\t\t<div class=\"elementor-widget-container\">\n\t\t\t\t\t<h1 class=\"elementor-heading-title elementor-size-default\">Marka Oyunu Proje Ortaklar\u0131<\/h1>\t\t\t\t<\/div>\n\t\t\t\t<\/div>\n\t\t\t\t\t<\/div>\n\t\t\t\t<\/div>\n\t\t\t\t\t<\/div>\n\t\t\t\t<\/div>\n\t\t<div class=\"elementor-element elementor-element-6d240b74 e-flex e-con-boxed e-con e-parent\" data-id=\"6d240b74\" data-element_type=\"container\">\n\t\t\t\t\t<div class=\"e-con-inner\">\n\t\t<div class=\"elementor-element elementor-element-1cbf0ad7 e-con-full e-flex e-con e-child\" data-id=\"1cbf0ad7\" data-element_type=\"container\">\n\t\t\t\t<div class=\"elementor-element elementor-element-bf243d3 elementor-widget elementor-widget-image\" data-id=\"bf243d3\" data-element_type=\"widget\" data-widget_type=\"image.default\">\n\t\t\t\t<div class=\"elementor-widget-container\">\n\t\t\t\t\t\t\t\t\t\t\t\t\t\t\t<img decoding=\"async\" width=\"140\" height=\"140\" src=\"https:\/\/brandgame.eu\/wp-content\/uploads\/2025\/02\/BASE-ELEMENT.png\" class=\"attachment-large size-large wp-image-431\" alt=\"\" \/>\t\t\t\t\t\t\t\t\t\t\t\t\t\t\t<\/div>\n\t\t\t\t<\/div>\n\t\t\t\t<div class=\"elementor-element elementor-element-3bde6d74 elementor-widget elementor-widget-heading\" data-id=\"3bde6d74\" data-element_type=\"widget\" data-widget_type=\"heading.default\">\n\t\t\t\t<div class=\"elementor-widget-container\">\n\t\t\t\t\t<h2 class=\"elementor-heading-title elementor-size-default\">BASE ELEMENT<\/h2>\t\t\t\t<\/div>\n\t\t\t\t<\/div>\n\t\t\t\t<\/div>\n\t\t<div class=\"elementor-element elementor-element-720605b3 e-con-full e-flex e-con e-child\" data-id=\"720605b3\" data-element_type=\"container\">\n\t\t<div class=\"elementor-element elementor-element-2f33558b e-con-full e-flex e-con e-child\" data-id=\"2f33558b\" data-element_type=\"container\">\n\t\t\t\t<div class=\"elementor-element elementor-element-26aa4319 elementor-widget elementor-widget-text-editor\" data-id=\"26aa4319\" data-element_type=\"widget\" data-widget_type=\"text-editor.default\">\n\t\t\t\t<div class=\"elementor-widget-container\">\n\t\t\t\t\t\t\t\t\t<p>Base Element, Stratejistler, Yarat\u0131c\u0131lar, Dijital Pazarlamac\u0131lar, Veri Zekas\u0131 Uzmanlar\u0131, \u0130\u00e7erik Uzmanlar\u0131 ve Teknoloji Uzmanlar\u0131ndan olu\u015fan, Veri Bilgilerini Topluca Duygusal M\u00fc\u015fteri Deneyimlerine D\u00f6n\u00fc\u015ft\u00fcren Tam Kapsaml\u0131 bir Dijital Pazarlama Ajans\u0131d\u0131r. Yapt\u0131\u011f\u0131m\u0131z her \u015feyin merkezinde m\u00fc\u015fterilerimizin \u00e7\u0131karlar\u0131n\u0131n yer ald\u0131\u011f\u0131, ilerici de\u011fi\u015fim ve i\u015f d\u00f6n\u00fc\u015f\u00fcm\u00fc sa\u011flayan \u00f6l\u00e7\u00fclebilir sonu\u00e7lar ve \u00e7\u0131\u011f\u0131r a\u00e7an \u00e7\u00f6z\u00fcmlerle hareket ediyoruz. Hiper ba\u011flant\u0131l\u0131 bir d\u00fcnyada, bir markaya b\u00fct\u00fcn\u00fcyle hizmet verebilmek i\u00e7in her zaman bir b\u00fct\u00fcn olarak d\u00fc\u015f\u00fcn\u00fcyor ve \u00e7al\u0131\u015f\u0131yoruz. \u00c7ok boyutlu uzmanl\u0131k ve deneyimi bir araya getirerek, bir markan\u0131n i\u015f ve ileti\u015fim hedeflerini kar\u015f\u0131lamak i\u00e7in strateji olu\u015fturabilir, tasarlayabilir, geli\u015ftirebilir, yaratabilir ve ileti\u015fim kurabiliyoruz.&#8221;<\/p><p>Website: www.baseelement.digital<br>Contact E-mail: nicosia@baseelement.digital<\/p>\t\t\t\t\t\t\t\t<\/div>\n\t\t\t\t<\/div>\n\t\t\t\t<\/div>\n\t\t\t\t<\/div>\n\t\t\t\t\t<\/div>\n\t\t\t\t<\/div>\n\t\t<div class=\"elementor-element elementor-element-e18b4c3 e-flex e-con-boxed e-con e-parent\" data-id=\"e18b4c3\" data-element_type=\"container\">\n\t\t\t\t\t<div class=\"e-con-inner\">\n\t\t<div class=\"elementor-element elementor-element-21f6427 e-con-full e-flex e-con e-child\" data-id=\"21f6427\" data-element_type=\"container\">\n\t\t\t\t<div class=\"elementor-element elementor-element-b90146f elementor-widget elementor-widget-image\" data-id=\"b90146f\" data-element_type=\"widget\" data-widget_type=\"image.default\">\n\t\t\t\t<div class=\"elementor-widget-container\">\n\t\t\t\t\t\t\t\t\t\t\t\t\t\t\t<img decoding=\"async\" width=\"800\" height=\"191\" src=\"https:\/\/brandgame.eu\/wp-content\/uploads\/2025\/02\/mind-the-game-1024x244.png\" class=\"attachment-large size-large wp-image-434\" alt=\"\" srcset=\"https:\/\/brandgame.eu\/wp-content\/uploads\/2025\/02\/mind-the-game-1024x244.png 1024w, https:\/\/brandgame.eu\/wp-content\/uploads\/2025\/02\/mind-the-game-300x71.png 300w, https:\/\/brandgame.eu\/wp-content\/uploads\/2025\/02\/mind-the-game-768x183.png 768w, https:\/\/brandgame.eu\/wp-content\/uploads\/2025\/02\/mind-the-game-1536x366.png 1536w, https:\/\/brandgame.eu\/wp-content\/uploads\/2025\/02\/mind-the-game.png 2048w\" sizes=\"(max-width: 800px) 100vw, 800px\" \/>\t\t\t\t\t\t\t\t\t\t\t\t\t\t\t<\/div>\n\t\t\t\t<\/div>\n\t\t\t\t<div class=\"elementor-element elementor-element-fe46b0c elementor-widget elementor-widget-heading\" data-id=\"fe46b0c\" data-element_type=\"widget\" data-widget_type=\"heading.default\">\n\t\t\t\t<div class=\"elementor-widget-container\">\n\t\t\t\t\t<h2 class=\"elementor-heading-title elementor-size-default\">MIND THE GAME<\/h2>\t\t\t\t<\/div>\n\t\t\t\t<\/div>\n\t\t\t\t<\/div>\n\t\t<div class=\"elementor-element elementor-element-a90bbbd e-con-full e-flex e-con e-child\" data-id=\"a90bbbd\" data-element_type=\"container\">\n\t\t<div class=\"elementor-element elementor-element-312026c e-con-full e-flex e-con e-child\" data-id=\"312026c\" data-element_type=\"container\">\n\t\t\t\t<div class=\"elementor-element elementor-element-5b193f8 elementor-widget elementor-widget-text-editor\" data-id=\"5b193f8\" data-element_type=\"widget\" data-widget_type=\"text-editor.default\">\n\t\t\t\t<div class=\"elementor-widget-container\">\n\t\t\t\t\t\t\t\t\t<p>MIND THE GAME, Sadece Oyun Sekt\u00f6r\u00fcnde Lider De\u011fil, Ayn\u0131 zamanda Dijital \u00d6\u011frenme Devriminde de \u00d6n S\u0131ralarda Yer Almaktad\u0131r. MIND THE GAME, yenilik\u00e7i oyun mekaniklerini ve oyunla\u015ft\u0131rma unsurlar\u0131n\u0131 e\u011fitici i\u00e7erikle birle\u015ftirerek, sezgisel ve kapsay\u0131c\u0131 kullan\u0131c\u0131 deneyimine g\u00fc\u00e7l\u00fc bir vurgu yaparak, oyuncular\u0131n yeni bilgi ve becerileri ilgi \u00e7ekici ve etkile\u015fimli bir \u015fekilde edinmelerine yard\u0131mc\u0131 olan bir dijital oyun paketi yaratt\u0131. \u0130ster yeni bir dil \u00f6\u011frenmek, ister ele\u015ftirel d\u00fc\u015f\u00fcnme becerilerinizi geli\u015ftirmek veya matematik becerilerinizi geli\u015ftirmek istiyor olun, MIND THE GAME&#8217;de sizin i\u00e7in g\u00fc\u00e7l\u00fc bir oyun var. \u00d6\u011frenmeyi e\u011flenceli ve etkili hale getiren dijital oyunlar yaratmaya kendini adam\u0131\u015f olan MIND THE GAME, e\u011fitimin gelece\u011fini \u015fekillendirmeye yard\u0131mc\u0131 oluyor.&#8221;<\/p><p>Website: <a href=\"http:\/\/www.mindthegame.ltd\/\">www.mindthegame.ltd<\/a><\/p><p>Email: <a href=\"mailto:info@mindthegame.ltd\">info@mindthegame.ltd<\/a><\/p>\t\t\t\t\t\t\t\t<\/div>\n\t\t\t\t<\/div>\n\t\t\t\t<\/div>\n\t\t\t\t<\/div>\n\t\t\t\t\t<\/div>\n\t\t\t\t<\/div>\n\t\t<div class=\"elementor-element elementor-element-5fd282c e-flex e-con-boxed e-con e-parent\" data-id=\"5fd282c\" data-element_type=\"container\">\n\t\t\t\t\t<div class=\"e-con-inner\">\n\t\t<div class=\"elementor-element elementor-element-5666048 e-con-full e-flex e-con e-child\" data-id=\"5666048\" data-element_type=\"container\">\n\t\t\t\t<div class=\"elementor-element elementor-element-3bf40e6 elementor-widget elementor-widget-image\" data-id=\"3bf40e6\" data-element_type=\"widget\" data-widget_type=\"image.default\">\n\t\t\t\t<div class=\"elementor-widget-container\">\n\t\t\t\t\t\t\t\t\t\t\t\t\t\t\t<img loading=\"lazy\" decoding=\"async\" width=\"800\" height=\"383\" src=\"https:\/\/brandgame.eu\/wp-content\/uploads\/2025\/02\/cropped-learning-seed-Green_left.png\" class=\"attachment-large size-large wp-image-437\" alt=\"\" srcset=\"https:\/\/brandgame.eu\/wp-content\/uploads\/2025\/02\/cropped-learning-seed-Green_left.png 805w, https:\/\/brandgame.eu\/wp-content\/uploads\/2025\/02\/cropped-learning-seed-Green_left-300x143.png 300w, https:\/\/brandgame.eu\/wp-content\/uploads\/2025\/02\/cropped-learning-seed-Green_left-768x367.png 768w\" sizes=\"(max-width: 800px) 100vw, 800px\" \/>\t\t\t\t\t\t\t\t\t\t\t\t\t\t\t<\/div>\n\t\t\t\t<\/div>\n\t\t\t\t<div class=\"elementor-element elementor-element-a9d2a18 elementor-widget elementor-widget-heading\" data-id=\"a9d2a18\" data-element_type=\"widget\" data-widget_type=\"heading.default\">\n\t\t\t\t<div class=\"elementor-widget-container\">\n\t\t\t\t\t<h2 class=\"elementor-heading-title elementor-size-default\">LEARNING SEED<\/h2>\t\t\t\t<\/div>\n\t\t\t\t<\/div>\n\t\t\t\t<\/div>\n\t\t<div class=\"elementor-element elementor-element-e23e96e e-con-full e-flex e-con e-child\" data-id=\"e23e96e\" data-element_type=\"container\">\n\t\t<div class=\"elementor-element elementor-element-797bc46 e-con-full e-flex e-con e-child\" data-id=\"797bc46\" data-element_type=\"container\">\n\t\t\t\t<div class=\"elementor-element elementor-element-03230f3 elementor-widget elementor-widget-text-editor\" data-id=\"03230f3\" data-element_type=\"widget\" data-widget_type=\"text-editor.default\">\n\t\t\t\t<div class=\"elementor-widget-container\">\n\t\t\t\t\t\t\t\t\t<p><strong>Learning Seed<\/strong>, Merkezi Yunanistan&#8217;\u0131n Mora Yar\u0131madas\u0131&#8217;ndaki Argos \u015eehrinde Bulunan, 2021 Y\u0131l\u0131nda Faaliyetine ve Faaliyetine Ba\u015flayan Bir Yayg\u0131n E\u011fitim ve Sivil Toplum Kurulu\u015fudur. Learning Seed, Yayg\u0131n E\u011fitim yakla\u015f\u0131mlar\u0131n\u0131 ve s\u00fcrekli e\u011fitimi uygulamay\u0131 ve geli\u015ftirmeyi ama\u00e7lamaktad\u0131r ( Hayat Boyu \u00d6\u011frenme) gen\u00e7lik, mesleki e\u011fitim ve yeti\u015fkin e\u011fitiminde, sivil toplumu harekete ge\u00e7irmek ve sosyal olarak savunmas\u0131z ve d\u0131\u015flanm\u0131\u015f gruplara ve ihtiya\u00e7 sahibi ki\u015filere, e\u015fit eri\u015fim sa\u011flayan son derece ilgi \u00e7ekici e\u011fitimler sa\u011flayarak uygulamal\u0131 destek sa\u011flayarak sosyal d\u0131\u015flanmay\u0131 ele almak. E&amp;T f\u0131rsatlar\u0131na. Amac\u0131m\u0131z, yerel toplulu\u011fa ve di\u011ferlerine, zihniyetimizi benimsemeleri ve ya\u015fam boyu \u00f6\u011frenme ve kapsay\u0131c\u0131 bir toplum taraf\u0131ndan daha iyi e\u011fitilmi\u015f bir toplum i\u00e7in \u00e7abalar\u0131m\u0131za kat\u0131lmalar\u0131 konusunda ilham vermektir. Uzun vadeli \u00f6\u011frenme deneyimleri yaratmak ve olumlu bir de\u011fi\u015fime y\u00f6nelik sosyal eylemleri tetiklemek i\u00e7in k\u00fclt\u00fcr\u00fcm\u00fcz\u00fc ve sanat\u0131m\u0131z\u0131 kullan\u0131yoruz.<\/p><p><br>Website: <a href=\"https:\/\/www.learningseed.eu\/\">Learning Seed<\/a><br>Contact E-mail: <a href=\"mailto:info@learningseed.eu\">info@learningseed.eu<\/a><\/p>\t\t\t\t\t\t\t\t<\/div>\n\t\t\t\t<\/div>\n\t\t\t\t<\/div>\n\t\t\t\t<\/div>\n\t\t\t\t\t<\/div>\n\t\t\t\t<\/div>\n\t\t<div class=\"elementor-element elementor-element-f3dca0e e-flex e-con-boxed e-con e-parent\" data-id=\"f3dca0e\" data-element_type=\"container\">\n\t\t\t\t\t<div class=\"e-con-inner\">\n\t\t<div class=\"elementor-element elementor-element-bbe5a7b e-con-full e-flex e-con e-child\" data-id=\"bbe5a7b\" data-element_type=\"container\">\n\t\t\t\t<div class=\"elementor-element elementor-element-7bb3646 elementor-widget elementor-widget-image\" data-id=\"7bb3646\" data-element_type=\"widget\" data-widget_type=\"image.default\">\n\t\t\t\t<div class=\"elementor-widget-container\">\n\t\t\t\t\t\t\t\t\t\t\t\t\t\t\t<img loading=\"lazy\" decoding=\"async\" width=\"376\" height=\"225\" src=\"https:\/\/brandgame.eu\/wp-content\/uploads\/2025\/02\/fyg.png\" class=\"attachment-large size-large wp-image-452\" alt=\"\" srcset=\"https:\/\/brandgame.eu\/wp-content\/uploads\/2025\/02\/fyg.png 376w, https:\/\/brandgame.eu\/wp-content\/uploads\/2025\/02\/fyg-300x180.png 300w\" sizes=\"(max-width: 376px) 100vw, 376px\" \/>\t\t\t\t\t\t\t\t\t\t\t\t\t\t\t<\/div>\n\t\t\t\t<\/div>\n\t\t\t\t<div class=\"elementor-element elementor-element-f27b6e6 elementor-widget elementor-widget-heading\" data-id=\"f27b6e6\" data-element_type=\"widget\" data-widget_type=\"heading.default\">\n\t\t\t\t<div class=\"elementor-widget-container\">\n\t\t\t\t\t<h2 class=\"elementor-heading-title elementor-size-default\">FYG<\/h2>\t\t\t\t<\/div>\n\t\t\t\t<\/div>\n\t\t\t\t<\/div>\n\t\t<div class=\"elementor-element elementor-element-3a701f6 e-con-full e-flex e-con e-child\" data-id=\"3a701f6\" data-element_type=\"container\">\n\t\t<div class=\"elementor-element elementor-element-a34f48d e-con-full e-flex e-con e-child\" data-id=\"a34f48d\" data-element_type=\"container\">\n\t\t\t\t<div class=\"elementor-element elementor-element-72d43fd elementor-widget elementor-widget-text-editor\" data-id=\"72d43fd\" data-element_type=\"widget\" data-widget_type=\"text-editor.default\">\n\t\t\t\t<div class=\"elementor-widget-container\">\n\t\t\t\t\t\t\t\t\t<p>Instalofi Levante S.L. &#8211; FyG Consultores (FYG), yerel i\u015fg\u00fcc\u00fc piyasas\u0131n\u0131n yan\u0131 s\u0131ra yeti\u015fkinlerin, \u015firketlerin ve gen\u00e7lerin ya\u015fam boyu \u00f6\u011frenme s\u00fcrecini destekleyen \u00f6zel bir mesleki e\u011fitim ve \u00f6\u011fretim kurulu\u015fudur. FYG aktif olarak \u00e7al\u0131\u015f\u0131yor<br>Kariyer geli\u015ftirme hizmetleri, temel amac\u0131 bireylerin kariyer geli\u015ftirmelerine yard\u0131mc\u0131 olmak olan \u00e7ok \u00e7e\u015fitli program ve hizmetleri ifade eder.<br>Ya\u015fam becerilerini geli\u015ftirmek ve \u00f6\u011frenimlerini, i\u015flerini ve kariyerlerini y\u00f6netmek i\u00e7in bilgi, beceri ve tutumlar kazan\u0131rlar.&#8221;<\/p><p>Website: https:\/\/www.fygconsultores.com\/?lang=en<\/p><p>Email: info@fygconsultores.com<\/p>\t\t\t\t\t\t\t\t<\/div>\n\t\t\t\t<\/div>\n\t\t\t\t<\/div>\n\t\t\t\t<\/div>\n\t\t\t\t\t<\/div>\n\t\t\t\t<\/div>\n\t\t<div class=\"elementor-element elementor-element-b45a708 e-flex e-con-boxed e-con e-parent\" data-id=\"b45a708\" data-element_type=\"container\">\n\t\t\t\t\t<div class=\"e-con-inner\">\n\t\t<div class=\"elementor-element elementor-element-813b923 e-con-full e-flex e-con e-child\" data-id=\"813b923\" data-element_type=\"container\">\n\t\t\t\t<div class=\"elementor-element elementor-element-0121fc6 elementor-widget elementor-widget-image\" data-id=\"0121fc6\" data-element_type=\"widget\" data-widget_type=\"image.default\">\n\t\t\t\t<div class=\"elementor-widget-container\">\n\t\t\t\t\t\t\t\t\t\t\t\t\t\t\t<img loading=\"lazy\" decoding=\"async\" width=\"500\" height=\"340\" src=\"https:\/\/brandgame.eu\/wp-content\/uploads\/2025\/02\/uva.png\" class=\"attachment-large size-large wp-image-443\" alt=\"\" srcset=\"https:\/\/brandgame.eu\/wp-content\/uploads\/2025\/02\/uva.png 500w, https:\/\/brandgame.eu\/wp-content\/uploads\/2025\/02\/uva-300x204.png 300w\" sizes=\"(max-width: 500px) 100vw, 500px\" \/>\t\t\t\t\t\t\t\t\t\t\t\t\t\t\t<\/div>\n\t\t\t\t<\/div>\n\t\t\t\t<div class=\"elementor-element elementor-element-7228dfe elementor-widget elementor-widget-heading\" data-id=\"7228dfe\" data-element_type=\"widget\" data-widget_type=\"heading.default\">\n\t\t\t\t<div class=\"elementor-widget-container\">\n\t\t\t\t\t<h2 class=\"elementor-heading-title elementor-size-default\">UNIVERSIDAD DE VALLADOLID (UVA)<\/h2>\t\t\t\t<\/div>\n\t\t\t\t<\/div>\n\t\t\t\t<\/div>\n\t\t<div class=\"elementor-element elementor-element-e424f12 e-con-full e-flex e-con e-child\" data-id=\"e424f12\" data-element_type=\"container\">\n\t\t<div class=\"elementor-element elementor-element-9af91c1 e-con-full e-flex e-con e-child\" data-id=\"9af91c1\" data-element_type=\"container\">\n\t\t\t\t<div class=\"elementor-element elementor-element-1750fcd elementor-widget elementor-widget-text-editor\" data-id=\"1750fcd\" data-element_type=\"widget\" data-widget_type=\"text-editor.default\">\n\t\t\t\t<div class=\"elementor-widget-container\">\n\t\t\t\t\t\t\t\t\t<p>Valladolid \u00dcniversitesi, \u0130spanya&#8217;n\u0131n en \u00f6nemli devlet \u00fcniversitelerinden biridir. Akademik kurum, 13. y\u00fczy\u0131ldaki k\u00f6kenlerinden bu yana b\u00fcy\u00fcmekte ve yeni zamanlara uyum sa\u011flamaktad\u0131r. y\u00fczy\u0131ldaki k\u00f6kenlerinden bu yana b\u00fcy\u00fcyor ve yeni zamanlara uyum sa\u011fl\u0131yor. Faaliyetleri, Castilla y Le\u00f3n \u00f6zerk toplulu\u011funda bulunan d\u00f6rt kamp\u00fcste y\u00fcr\u00fct\u00fclmektedir: Palencia, Segovia, Soria ve Valladolid. Bilim, Be\u015feri Bilimler, M\u00fchendislik ve Mimarl\u0131k, Sa\u011fl\u0131k Bilimleri ile Sosyal ve Hukuk Bilimleri alanlar\u0131ndaki programlarla \u00e7ok \u00e7e\u015fitli lisans, y\u00fcksek lisans ve doktora dereceleri sunmaktad\u0131r. Toplamda 68 lisans derecesi, 15 ortak \u00e7al\u0131\u015fma program\u0131, 65 y\u00fcksek lisans derecesi ve 29 doktora program\u0131 26 merkezde, 59 B\u00f6l\u00fcmde, 12 \u00dcniversite Enstit\u00fcs\u00fcnde ve 4 Ara\u015ft\u0131rma ve Teknoloji Merkezinde sunulmaktad\u0131r.<br><br>Ya\u015fam boyu \u00f6\u011frenmeye olan ba\u011fl\u0131l\u0131\u011f\u0131, hareketlilikteki liderli\u011fi ve geni\u015f uluslararas\u0131 ili\u015fkiler a\u011f\u0131, prestijli ara\u015ft\u0131rma merkezleri, muazzam k\u00fclt\u00fcrel ve sportif potansiyeli ve sosyal ve \u00e7evresel ba\u011fl\u0131l\u0131\u011f\u0131, en eski ve en prestijli akademik ortamlarla kar\u015f\u0131la\u015ft\u0131r\u0131labilecek ola\u011fan\u00fcst\u00fc bir akademik ortam olu\u015fturmaktad\u0131r. Avrupa \u00fcniversiteleri.<br><br><strong>Mesleki Yeterliliklerin Do\u011frulanmas\u0131 G\u00f6zlemevi (G\u00f6zlem)<\/strong>, Valladolid \u00dcniversitesi E\u011fitim ve Sosyal Hizmet Fak\u00fcltesi Pedagoji B\u00f6l\u00fcm\u00fc ara\u015ft\u0131rma ekibine aittir. Observal 2008 y\u0131l\u0131nda kuruldu ve yeti\u015fkinlerin \u00f6\u011frenimi ve onlar\u0131n ki\u015fisel ve mesleki yeterliliklerinin tan\u0131nmas\u0131yla ilgili bir dizi m\u00fcdahale ve ara\u015ft\u0131rma geli\u015ftiriyor.&#8221; <br><br>Website: <a href=\"https:\/\/www.uva.es\/export\/sites\/uva\/\">https:\/\/www.uva.es\/export\/sites\/uva\/<\/a><br><a href=\"https:\/\/www.observal.es\/es\/\">https:\/\/www.observal.es\/es\/<\/a><br>Contact E-mail: luis.carro@uva.es<\/p>\t\t\t\t\t\t\t\t<\/div>\n\t\t\t\t<\/div>\n\t\t\t\t<\/div>\n\t\t\t\t<\/div>\n\t\t\t\t\t<\/div>\n\t\t\t\t<\/div>\n\t\t<div class=\"elementor-element elementor-element-c763064 e-flex e-con-boxed e-con e-parent\" data-id=\"c763064\" data-element_type=\"container\">\n\t\t\t\t\t<div class=\"e-con-inner\">\n\t\t<div class=\"elementor-element elementor-element-e76d2e3 e-con-full e-flex e-con e-child\" data-id=\"e76d2e3\" data-element_type=\"container\">\n\t\t\t\t<div class=\"elementor-element elementor-element-ae5b171 elementor-widget elementor-widget-image\" data-id=\"ae5b171\" data-element_type=\"widget\" data-widget_type=\"image.default\">\n\t\t\t\t<div class=\"elementor-widget-container\">\n\t\t\t\t\t\t\t\t\t\t\t\t\t\t\t<img loading=\"lazy\" decoding=\"async\" width=\"259\" height=\"194\" src=\"https:\/\/brandgame.eu\/wp-content\/uploads\/2025\/02\/samsun.jpeg\" class=\"attachment-large size-large wp-image-446\" alt=\"\" \/>\t\t\t\t\t\t\t\t\t\t\t\t\t\t\t<\/div>\n\t\t\t\t<\/div>\n\t\t\t\t<div class=\"elementor-element elementor-element-47096c1 elementor-widget elementor-widget-heading\" data-id=\"47096c1\" data-element_type=\"widget\" data-widget_type=\"heading.default\">\n\t\t\t\t<div class=\"elementor-widget-container\">\n\t\t\t\t\t<h2 class=\"elementor-heading-title elementor-size-default\">SAMSUN GOVERNORSHIP<\/h2>\t\t\t\t<\/div>\n\t\t\t\t<\/div>\n\t\t\t\t<\/div>\n\t\t<div class=\"elementor-element elementor-element-99e0d2e e-con-full e-flex e-con e-child\" data-id=\"99e0d2e\" data-element_type=\"container\">\n\t\t<div class=\"elementor-element elementor-element-77bbb4b e-con-full e-flex e-con e-child\" data-id=\"77bbb4b\" data-element_type=\"container\">\n\t\t\t\t<div class=\"elementor-element elementor-element-db121a8 elementor-widget elementor-widget-text-editor\" data-id=\"db121a8\" data-element_type=\"widget\" data-widget_type=\"text-editor.default\">\n\t\t\t\t<div class=\"elementor-widget-container\">\n\t\t\t\t\t\t\t\t\t<p>Samsung Valili\u011fi, 17 \u0130l\u00e7esindeki T\u00fcm Kamu M\u00fcd\u00fcrl\u00fckleri ve Kurumlar\u0131n\u0131 Y\u00f6neten Devlet Yerel \u0130daresidir. \u0130l e\u011fitim, k\u00fclt\u00fcr ve turizm, sa\u011fl\u0131k, \u00e7evre, orman ve su i\u015fleri, kamu g\u00fcvenli\u011fi ve sivil toplum kurulu\u015flar\u0131 dahil olmak \u00fczere, kar amac\u0131 g\u00fctmeyen t\u00fcm \u00f6zel ticari kurulu\u015flar, kurum ve kurulu\u015flarla koordinasyon, izleme ve i\u015fbirli\u011fi yapmaya yetkilidir. Samsun, T\u00fcrkiye&#8217;nin b\u00fcy\u00fck\u015fehir stat\u00fcs\u00fcndeki otuz ilinden biri. 1.348 milyonluk n\u00fcfusuyla Karadeniz b\u00f6lgesinin en kalabal\u0131k ilidir.Samsun Valili\u011fi kanunlar\u0131n, t\u00fcz\u00fcklerin, y\u00f6netmeliklerin ve h\u00fck\u00fcmetin kararlar\u0131n\u0131n hayata ge\u00e7irilmesinden sorumludur. Bu s\u00fcre\u00e7lerin y\u00fcr\u00fct\u00fclmesinde ve tedbirlerin al\u0131nmas\u0131nda yetkilidir. <br><br>Website: http:\/\/www.samsun.gov.tr\/<br>Contact E-mail: valilik@samsun.gov.tr<\/p>\t\t\t\t\t\t\t\t<\/div>\n\t\t\t\t<\/div>\n\t\t\t\t<\/div>\n\t\t\t\t<\/div>\n\t\t\t\t\t<\/div>\n\t\t\t\t<\/div>\n\t\t\t\t<\/div>\n\t\t","protected":false},"excerpt":{"rendered":"<p>Marka Oyunu Proje Ortaklar\u0131 BASE ELEMENT Base Element, Stratejistler, Yarat\u0131c\u0131lar, Dijital Pazarlamac\u0131lar, Veri Zekas\u0131 Uzmanlar\u0131, \u0130\u00e7erik Uzmanlar\u0131 ve Teknoloji Uzmanlar\u0131ndan olu\u015fan, Veri Bilgilerini Topluca Duygusal M\u00fc\u015fteri Deneyimlerine D\u00f6n\u00fc\u015ft\u00fcren Tam Kapsaml\u0131 bir Dijital Pazarlama Ajans\u0131d\u0131r. Yapt\u0131\u011f\u0131m\u0131z her \u015feyin merkezinde m\u00fc\u015fterilerimizin \u00e7\u0131karlar\u0131n\u0131n yer ald\u0131\u011f\u0131, ilerici de\u011fi\u015fim ve i\u015f d\u00f6n\u00fc\u015f\u00fcm\u00fc sa\u011flayan \u00f6l\u00e7\u00fclebilir sonu\u00e7lar ve \u00e7\u0131\u011f\u0131r a\u00e7an \u00e7\u00f6z\u00fcmlerle hareket [&hellip;]<\/p>\n","protected":false},"author":2,"featured_media":0,"parent":0,"menu_order":0,"comment_status":"closed","ping_status":"closed","template":"elementor_header_footer","meta":{"footnotes":""},"class_list":["post-499","page","type-page","status-publish","hentry"],"_links":{"self":[{"href":"https:\/\/brandgame.eu\/tr\/wp-json\/wp\/v2\/pages\/499","targetHints":{"allow":["GET"]}}],"collection":[{"href":"https:\/\/brandgame.eu\/tr\/wp-json\/wp\/v2\/pages"}],"about":[{"href":"https:\/\/brandgame.eu\/tr\/wp-json\/wp\/v2\/types\/page"}],"author":[{"embeddable":true,"href":"https:\/\/brandgame.eu\/tr\/wp-json\/wp\/v2\/users\/2"}],"replies":[{"embeddable":true,"href":"https:\/\/brandgame.eu\/tr\/wp-json\/wp\/v2\/comments?post=499"}],"version-history":[{"count":1,"href":"https:\/\/brandgame.eu\/tr\/wp-json\/wp\/v2\/pages\/499\/revisions"}],"predecessor-version":[{"id":500,"href":"https:\/\/brandgame.eu\/tr\/wp-json\/wp\/v2\/pages\/499\/revisions\/500"}],"wp:attachment":[{"href":"https:\/\/brandgame.eu\/tr\/wp-json\/wp\/v2\/media?parent=499"}],"curies":[{"name":"wp","href":"https:\/\/api.w.org\/{rel}","templated":true}]}}