{"id":501,"date":"2025-02-21T21:49:08","date_gmt":"2025-02-21T18:49:08","guid":{"rendered":"https:\/\/brandgame.eu\/sonuclar\/"},"modified":"2025-07-09T13:48:12","modified_gmt":"2025-07-09T10:48:12","slug":"sonuclar","status":"publish","type":"page","link":"https:\/\/brandgame.eu\/tr\/sonuclar\/","title":{"rendered":"Sonu\u00e7lar"},"content":{"rendered":"\t\t<div data-elementor-type=\"wp-page\" data-elementor-id=\"501\" class=\"elementor elementor-501 elementor-58\" data-elementor-post-type=\"page\">\n\t\t\t\t<div class=\"elementor-element elementor-element-4d9dea9f e-flex e-con-boxed e-con e-parent\" data-id=\"4d9dea9f\" data-element_type=\"container\">\n\t\t\t\t\t<div class=\"e-con-inner\">\n\t\t<div class=\"elementor-element elementor-element-65e17194 e-flex e-con-boxed e-con e-child\" data-id=\"65e17194\" data-element_type=\"container\">\n\t\t\t\t\t<div class=\"e-con-inner\">\n\t\t\t\t<div class=\"elementor-element elementor-element-7ce8bd7b elementor-widget elementor-widget-heading\" data-id=\"7ce8bd7b\" data-element_type=\"widget\" data-widget_type=\"heading.default\">\n\t\t\t\t<div class=\"elementor-widget-container\">\n\t\t\t\t\t<h1 class=\"elementor-heading-title elementor-size-default\">Sonu\u00e7lar<\/h1>\t\t\t\t<\/div>\n\t\t\t\t<\/div>\n\t\t\t\t<div class=\"elementor-element elementor-element-5cde8d14 elementor-widget elementor-widget-text-editor\" data-id=\"5cde8d14\" data-element_type=\"widget\" data-widget_type=\"text-editor.default\">\n\t\t\t\t<div class=\"elementor-widget-container\">\n\t\t\t\t\t\t\t\t\t<p>Ana Sonu\u00e7lar<\/p>\t\t\t\t\t\t\t\t<\/div>\n\t\t\t\t<\/div>\n\t\t\t\t<div class=\"elementor-element elementor-element-eb52b1a elementor-widget elementor-widget-text-editor\" data-id=\"eb52b1a\" data-element_type=\"widget\" data-widget_type=\"text-editor.default\">\n\t\t\t\t<div class=\"elementor-widget-container\">\n\t\t\t\t\t\t\t\t\t<ol><li>Ki\u015fisel Markala\u015fma 4 Kad\u0131nlar: E\u011fitim Materyalleri: Kad\u0131nlar\u0131n ki\u015fisel motivasyonlar\u0131n\u0131 art\u0131rmalar\u0131, harekete ge\u00e7meleri ve ki\u015fileraras\u0131 ve sosyal becerilerini art\u0131rmalar\u0131 i\u00e7in \u00f6zel uygulamal\u0131 materyaller. Ama\u00e7, daha insana yak\u0131\u015f\u0131r i\u015f ve e\u011fitim f\u0131rsatlar\u0131n\u0131 takip edebilmeleri i\u00e7in kendi ki\u015fisel markalar\u0131n\u0131 yaratmalar\u0131n\u0131 sa\u011flamakt\u0131r. <\/li><li>MARKA OYUNU: Piyasada ger\u00e7ek zorluklarla dolu bir Minecraft D\u00fcnyas\u0131: \u00c7al\u0131\u015fma ortamlar\u0131nda ger\u00e7ek durumlar\u0131 destekleyen, kad\u0131nlar i\u00e7in kapsay\u0131c\u0131 ve i\u015fbirli\u011fine dayal\u0131 bir \u00f6\u011frenme ortam\u0131 olarak hizmet veren Minecraft tabanl\u0131 bir oyun. Ama\u00e7, becerilerini eyleme ge\u00e7irmek, kararlar almak ve uzun vadede becerilerini korumakt\u0131r. <\/li><li>MARKA OYUNU: \u00c7evrimi\u00e7i A\u011f Olu\u015fturma Merkezi: Gen\u00e7lerin istihdam edilebilirli\u011fi ve sosyal i\u00e7ermeye y\u00f6nelik politikalar\u0131 etkilemek amac\u0131yla ihtiya\u00e7 sahibi t\u00fcm kad\u0131nlar\u0131, payda\u015flar\u0131, gen\u00e7lik \u00f6rg\u00fctlerini ve karar vericileri tek bir yerde bir araya getirmeyi ama\u00e7layan sanal bir portal.<\/li><\/ol>\t\t\t\t\t\t\t\t<\/div>\n\t\t\t\t<\/div>\n\t\t\t\t\t<\/div>\n\t\t\t\t<\/div>\n\t\t\t\t\t<\/div>\n\t\t\t\t<\/div>\n\t\t<div class=\"elementor-element elementor-element-24d2f29 e-flex e-con-boxed e-con e-parent\" data-id=\"24d2f29\" data-element_type=\"container\">\n\t\t\t\t\t<div class=\"e-con-inner\">\n\t\t<div class=\"elementor-element elementor-element-fc0d76b e-flex e-con-boxed e-con e-child\" data-id=\"fc0d76b\" data-element_type=\"container\">\n\t\t\t\t\t<div class=\"e-con-inner\">\n\t\t\t\t<div class=\"elementor-element elementor-element-3e6339c elementor-widget elementor-widget-heading\" data-id=\"3e6339c\" data-element_type=\"widget\" data-widget_type=\"heading.default\">\n\t\t\t\t<div class=\"elementor-widget-container\">\n\t\t\t\t\t<h1 class=\"elementor-heading-title elementor-size-default\">Yayg\u0131nla\u015ft\u0131rma Materyali<\/h1>\t\t\t\t<\/div>\n\t\t\t\t<\/div>\n\t\t\t\t<div class=\"elementor-element elementor-element-d9c6415 elementor-widget elementor-widget-text-editor\" data-id=\"d9c6415\" data-element_type=\"widget\" data-widget_type=\"text-editor.default\">\n\t\t\t\t<div class=\"elementor-widget-container\">\n\t\t\t\t\t\t\t\t\t<p>&#8211;<\/p>\t\t\t\t\t\t\t\t<\/div>\n\t\t\t\t<\/div>\n\t\t\t\t\t<\/div>\n\t\t\t\t<\/div>\n\t\t\t\t\t<\/div>\n\t\t\t\t<\/div>\n\t\t<div class=\"elementor-element elementor-element-3bc54c8 e-flex e-con-boxed e-con e-parent\" data-id=\"3bc54c8\" data-element_type=\"container\">\n\t\t\t\t\t<div class=\"e-con-inner\">\n\t\t<div class=\"elementor-element elementor-element-93f86f1 e-flex e-con-boxed e-con e-child\" data-id=\"93f86f1\" data-element_type=\"container\">\n\t\t\t\t\t<div class=\"e-con-inner\">\n\t\t\t\t<div class=\"elementor-element elementor-element-9ff0706 elementor-widget elementor-widget-heading\" data-id=\"9ff0706\" data-element_type=\"widget\" data-widget_type=\"heading.default\">\n\t\t\t\t<div class=\"elementor-widget-container\">\n\t\t\t\t\t<h1 class=\"elementor-heading-title elementor-size-default\">Haber B\u00fcltenleri<\/h1>\t\t\t\t<\/div>\n\t\t\t\t<\/div>\n\t\t\t\t<div class=\"elementor-element elementor-element-c1a4819 elementor-widget elementor-widget-text-editor\" data-id=\"c1a4819\" data-element_type=\"widget\" data-widget_type=\"text-editor.default\">\n\t\t\t\t<div class=\"elementor-widget-container\">\n\t\t\t\t\t\t\t\t\t<p>&#8211;<\/p>\t\t\t\t\t\t\t\t<\/div>\n\t\t\t\t<\/div>\n\t\t\t\t\t<\/div>\n\t\t\t\t<\/div>\n\t\t\t\t\t<\/div>\n\t\t\t\t<\/div>\n\t\t<div class=\"elementor-element elementor-element-43196ae e-flex e-con-boxed e-con e-parent\" data-id=\"43196ae\" data-element_type=\"container\">\n\t\t\t\t\t<div class=\"e-con-inner\">\n\t\t<div class=\"elementor-element elementor-element-a678fdd e-flex e-con-boxed e-con e-child\" data-id=\"a678fdd\" data-element_type=\"container\">\n\t\t\t\t\t<div class=\"e-con-inner\">\n\t\t\t\t<div class=\"elementor-element elementor-element-9eb1fcf elementor-widget elementor-widget-heading\" data-id=\"9eb1fcf\" data-element_type=\"widget\" data-widget_type=\"heading.default\">\n\t\t\t\t<div class=\"elementor-widget-container\">\n\t\t\t\t\t<h1 class=\"elementor-heading-title elementor-size-default\">\u0130nfografikler<\/h1>\t\t\t\t<\/div>\n\t\t\t\t<\/div>\n\t\t\t\t<div class=\"elementor-element elementor-element-c5fc2ff elementor-widget elementor-widget-text-editor\" data-id=\"c5fc2ff\" data-element_type=\"widget\" data-widget_type=\"text-editor.default\">\n\t\t\t\t<div class=\"elementor-widget-container\">\n\t\t\t\t\t\t\t\t\t<p>&#8211;<\/p>\t\t\t\t\t\t\t\t<\/div>\n\t\t\t\t<\/div>\n\t\t\t\t\t<\/div>\n\t\t\t\t<\/div>\n\t\t\t\t\t<\/div>\n\t\t\t\t<\/div>\n\t\t\t\t<\/div>\n\t\t","protected":false},"excerpt":{"rendered":"<p>Sonu\u00e7lar Ana Sonu\u00e7lar Ki\u015fisel Markala\u015fma 4 Kad\u0131nlar: E\u011fitim Materyalleri: Kad\u0131nlar\u0131n ki\u015fisel motivasyonlar\u0131n\u0131 art\u0131rmalar\u0131, harekete ge\u00e7meleri ve ki\u015fileraras\u0131 ve sosyal becerilerini art\u0131rmalar\u0131 i\u00e7in \u00f6zel uygulamal\u0131 materyaller. Ama\u00e7, daha insana yak\u0131\u015f\u0131r i\u015f ve e\u011fitim f\u0131rsatlar\u0131n\u0131 takip edebilmeleri i\u00e7in kendi ki\u015fisel markalar\u0131n\u0131 yaratmalar\u0131n\u0131 sa\u011flamakt\u0131r. MARKA OYUNU: Piyasada ger\u00e7ek zorluklarla dolu bir Minecraft D\u00fcnyas\u0131: \u00c7al\u0131\u015fma ortamlar\u0131nda ger\u00e7ek durumlar\u0131 destekleyen, [&hellip;]<\/p>\n","protected":false},"author":2,"featured_media":0,"parent":0,"menu_order":0,"comment_status":"closed","ping_status":"closed","template":"elementor_header_footer","meta":{"footnotes":""},"class_list":["post-501","page","type-page","status-publish","hentry"],"_links":{"self":[{"href":"https:\/\/brandgame.eu\/tr\/wp-json\/wp\/v2\/pages\/501","targetHints":{"allow":["GET"]}}],"collection":[{"href":"https:\/\/brandgame.eu\/tr\/wp-json\/wp\/v2\/pages"}],"about":[{"href":"https:\/\/brandgame.eu\/tr\/wp-json\/wp\/v2\/types\/page"}],"author":[{"embeddable":true,"href":"https:\/\/brandgame.eu\/tr\/wp-json\/wp\/v2\/users\/2"}],"replies":[{"embeddable":true,"href":"https:\/\/brandgame.eu\/tr\/wp-json\/wp\/v2\/comments?post=501"}],"version-history":[{"count":3,"href":"https:\/\/brandgame.eu\/tr\/wp-json\/wp\/v2\/pages\/501\/revisions"}],"predecessor-version":[{"id":873,"href":"https:\/\/brandgame.eu\/tr\/wp-json\/wp\/v2\/pages\/501\/revisions\/873"}],"wp:attachment":[{"href":"https:\/\/brandgame.eu\/tr\/wp-json\/wp\/v2\/media?parent=501"}],"curies":[{"name":"wp","href":"https:\/\/api.w.org\/{rel}","templated":true}]}}